{"id":2265,"date":"2021-04-18T16:58:39","date_gmt":"2021-04-18T14:58:39","guid":{"rendered":"http:\/\/asimrdu.cluster030.hosting.ovh.net\/?page_id=2265"},"modified":"2022-02-21T16:43:02","modified_gmt":"2022-02-21T15:43:02","slug":"excellence-operationnelle-supply-chain","status":"publish","type":"page","link":"http:\/\/www.cpvassocies.com\/index.php\/excellence-operationnelle-supply-chain\/","title":{"rendered":"Excellence op\u00e9rationnelle Supply-Chain"},"content":{"rendered":"<div class=\"bt_bb_wrapper\"><section id=\"bt_bb_section69e20083a3c60\"  class=\"bt_bb_section bt_bb_layout_boxed_800 bt_bb_vertical_align_top\" ><div class=\"bt_bb_port\"><div class=\"bt_bb_cell\"><div class=\"bt_bb_cell_inner\"><div class=\"bt_bb_row_wrapper\"><div  class=\"bt_bb_row\" ><div  class=\"bt_bb_column col-xxl-2 col-xl-2 bt_bb_vertical_align_top bt_bb_align_left bt_bb_padding_normal\"  data-width=\"2\" data-bt-override-class=\"{}\"><div class=\"bt_bb_column_content\"><\/div><\/div><div  class=\"bt_bb_column col-xxl-8 col-xl-8 bt_bb_vertical_align_top bt_bb_align_center bt_bb_padding_normal\"  data-width=\"8\" data-bt-override-class=\"{}\"><div class=\"bt_bb_column_content\"><div class=\"bt_bb_separator bt_bb_top_spacing_extra_small bt_bb_border_style_none\"><\/div><div class=\"bt_bb_service bt_bb_color_scheme_8 bt_bb_style_borderless bt_bb_shape_circle bt_bb_size_large bt_bb_align_inherit\" style=\"; --service-primary-color:#00007f; --service-secondary-color:#ffffff;\" data-bt-override-class=\"null\"><span  data-ico-humanresources=\"&#xe90e;\" class=\"bt_bb_icon_holder\"><\/span><div class=\"bt_bb_service_content\"><div class=\"bt_bb_service_content_title\">EXCELLENCE OPERATIONNELLE SUPPLY-CHAIN<\/div><\/div><\/div><\/div><\/div><div  class=\"bt_bb_column col-xxl-2 col-xl-2 bt_bb_vertical_align_top bt_bb_align_left bt_bb_padding_normal\"  data-width=\"2\" data-bt-override-class=\"{}\"><div class=\"bt_bb_column_content\"><\/div><\/div><\/div><\/div><div class=\"bt_bb_row_wrapper\"><div  class=\"bt_bb_row\" ><div  class=\"bt_bb_column col-xxl-12 col-xl-12 bt_bb_vertical_align_top bt_bb_align_left bt_bb_padding_normal\"  data-width=\"12\" data-bt-override-class=\"{}\"><div class=\"bt_bb_column_content\"><\/div><\/div><\/div><\/div><div class=\"bt_bb_row_wrapper\"><div  class=\"bt_bb_row\" ><div  class=\"bt_bb_column col-xxl-12 col-xl-12 bt_bb_vertical_align_top bt_bb_align_left bt_bb_padding_normal\"  data-width=\"12\" data-bt-override-class=\"{}\"><div class=\"bt_bb_column_content\"><\/div><\/div><\/div><\/div><div class=\"bt_bb_row_wrapper\"><div  class=\"bt_bb_row\" ><div  class=\"bt_bb_column col-xxl-12 col-xl-12 bt_bb_vertical_align_top bt_bb_align_left bt_bb_padding_normal\"  data-width=\"12\" data-bt-override-class=\"{}\"><div class=\"bt_bb_column_content\"><\/div><\/div><\/div><\/div><div class=\"bt_bb_row_wrapper\"><div  class=\"bt_bb_row\" ><div  class=\"bt_bb_column col-xxl-12 col-xl-12 bt_bb_vertical_align_top bt_bb_align_left bt_bb_padding_normal\"  data-width=\"12\" data-bt-override-class=\"{}\"><div class=\"bt_bb_column_content\"><\/div><\/div><\/div><\/div><\/div><\/div><\/div><\/section><section id=\"bt_bb_section69e20083a3f75\"  class=\"bt_bb_section bt_bb_top_spacing_small bt_bb_layout_boxed_800 bt_bb_vertical_align_top\" ><div class=\"bt_bb_port\"><div class=\"bt_bb_cell\"><div class=\"bt_bb_cell_inner\"><div class=\"bt_bb_row_wrapper\"><div  class=\"bt_bb_row\" ><div  class=\"bt_bb_column col-xxl-12 col-xl-12 bt_bb_vertical_align_top bt_bb_align_left bt_bb_padding_normal\"  data-width=\"12\" data-bt-override-class=\"{}\"><div class=\"bt_bb_column_content\"><div class=\"bt_bb_separator bt_bb_border_style_none\"><\/div><header class=\"bt_bb_headline bt_bb_dash_top bt_bb_size_extralarge bt_bb_align_inherit\" data-bt-override-class=\"{&quot;bt_bb_size_&quot;:{&quot;current_class&quot;:&quot;bt_bb_size_extralarge&quot;,&quot;xl&quot;:&quot;extralarge&quot;},&quot;bt_bb_align_&quot;:{&quot;current_class&quot;:&quot;bt_bb_align_inherit&quot;,&quot;xl&quot;:&quot;inherit&quot;}}\"><\/header><div class=\"bt_bb_separator bt_bb_border_style_none\"><\/div><header class=\"bt_bb_headline bt_bb_dash_top bt_bb_size_inherit bt_bb_subheadline bt_bb_align_center\" data-bt-override-class=\"{&quot;bt_bb_size_&quot;:{&quot;current_class&quot;:&quot;bt_bb_size_inherit&quot;,&quot;xl&quot;:&quot;inherit&quot;},&quot;bt_bb_align_&quot;:{&quot;current_class&quot;:&quot;bt_bb_align_center&quot;,&quot;xl&quot;:&quot;center&quot;}}\"><div class=\"bt_bb_headline_subheadline\">L'offre de CPV Associ\u00e9s comprend un ensemble de \u00ab business solutions packag\u00e9es \u00bb et des prestations de conseil sur mesure.<br \/>\r\n<br \/>\r\nD\u00e9couvrez nos domaines de comp\u00e9tences dans l'excellence op\u00e9rationnelle Supply-Chain :<br \/>\r\n<br \/>\r\n<\/div><\/header><div class=\"bt_bb_separator bt_bb_bottom_spacing_normal bt_bb_border_style_none\"><\/div><\/div><\/div><\/div><\/div><\/div><\/div><\/div><\/section><section id=\"bt_bb_section69e20083a40e7\"  class=\"bt_bb_section bt_bb_top_spacing_normal bt_bb_bottom_spacing_small bt_bb_layout_boxed_1100 bt_bb_vertical_align_top\" ><div class=\"bt_bb_port\"><div class=\"bt_bb_cell\"><div class=\"bt_bb_cell_inner\"><div class=\"bt_bb_row_wrapper\"><div  class=\"bt_bb_row bt_bb_column_gap_10\" ><div  class=\"bt_bb_column col-xxl-4 col-xl-4 bt_bb_vertical_align_bottom bt_bb_align_left bt_bb_padding_text_indent bt_bb_highlight\" style=\"margin-bottom: 20px;\" data-width=\"4\" data-bt-override-class=\"{}\"><div class=\"bt_bb_column_content\" style=\"background-color:rgba(255, 255, 255, 1);\"><div class=\"bt_bb_image bt_bb_shape_square bt_bb_align_inherit bt_bb_hover_style_simple bt_bb_content_display_show-on-hover bt_bb_content_align_bottom bt_bb_content_exists\" data-bt-override-class=\"{&quot;bt_bb_align_&quot;:{&quot;current_class&quot;:&quot;bt_bb_align_inherit&quot;,&quot;xl&quot;:&quot;inherit&quot;}}\"><a href=\"http:\/\/www.cpvassocies.com\/index.php\/audit-et-diagnostic-de-performance-logistique\/\"  target=\"_self\"  title=\"financial-3521844_1920-1280x873 audits et diagnostics de performance logistique V2\"><img loading=\"lazy\" decoding=\"async\" width=\"400\" height=\"273\" src=\"http:\/\/www.cpvassocies.com\/wp-content\/uploads\/2022\/02\/financial-3521844_1920-1280x873-audits-et-diagnostics-de-performance-logistique-V2.jpg\" class=\"attachment-large size-large\" alt=\"http:\/\/www.cpvassocies.com\/wp-content\/uploads\/2022\/02\/financial-3521844_1920-1280x873-audits-et-diagnostics-de-performance-logistique-V2.jpg\" data-full_image_src=\"http:\/\/www.cpvassocies.com\/wp-content\/uploads\/2022\/02\/financial-3521844_1920-1280x873-audits-et-diagnostics-de-performance-logistique-V2.jpg\" title=\"financial-3521844_1920-1280x873 audits et diagnostics de performance logistique V2\" srcset=\"http:\/\/www.cpvassocies.com\/wp-content\/uploads\/2022\/02\/financial-3521844_1920-1280x873-audits-et-diagnostics-de-performance-logistique-V2.jpg 400w, http:\/\/www.cpvassocies.com\/wp-content\/uploads\/2022\/02\/financial-3521844_1920-1280x873-audits-et-diagnostics-de-performance-logistique-V2-320x218.jpg 320w\" sizes=\"(max-width: 400px) 100vw, 400px\" \/><\/a><div class=\"bt_bb_image_content\" style=\"background-color: rgba(32, 66, 138, 0.8);\"><div class=\"bt_bb_image_content_flex\"><div class=\"bt_bb_image_content_inner\"><div class=\"bt_bb_button bt_bb_icon_position_right bt_bb_color_scheme_11 bt_bb_style_clean bt_bb_size_small bt_bb_width_inline bt_bb_shape_inherit bt_bb_align_inherit\" data-bt-override-class=\"{}\"><a href=\"http:\/\/www.cpvassocies.com\/index.php\/audit-et-diagnostic-de-performance-logistique\/\" target=\"_self\" class=\"bt_bb_link\" title=\"En savoir plus \"><span class=\"bt_bb_button_text\">En savoir plus <\/span><span  data-ico-fontawesome=\"&#xf101;\" class=\"bt_bb_icon_holder\"><\/span><\/a><\/div><\/div><\/div><\/div><\/div><div class=\"bt_bb_separator bt_bb_bottom_spacing_normal bt_bb_border_style_none\"><\/div><header class=\"bt_bb_headline bt_bb_dash_none bt_bb_size_small bt_bb_align_center\" data-bt-override-class=\"{&quot;bt_bb_size_&quot;:{&quot;current_class&quot;:&quot;bt_bb_size_small&quot;,&quot;xl&quot;:&quot;small&quot;},&quot;bt_bb_align_&quot;:{&quot;current_class&quot;:&quot;bt_bb_align_center&quot;,&quot;xl&quot;:&quot;center&quot;}}\"><h5 class=\"bt_bb_headline_tag\"><span class=\"bt_bb_headline_content\"><span><a href=\"http:\/\/www.cpvassocies.com\/index.php\/audit-et-diagnostic-de-performance-logistique\/\" target=\"_self\" title=\"Audits et diagnostics  de performance logistique\"><u>Audits et diagnostics<br \/>\r\nde performance logistique<\/u><\/a><\/span><\/span><\/h5><\/header><div class=\"bt_bb_separator bt_bb_bottom_spacing_normal bt_bb_border_style_none\"><\/div><\/div><\/div><div  class=\"bt_bb_column col-xxl-4 col-xl-4 bt_bb_vertical_align_bottom bt_bb_align_left bt_bb_padding_text_indent bt_bb_highlight\" style=\"margin-bottom: 20px;\" data-width=\"4\" data-bt-override-class=\"{}\"><div class=\"bt_bb_column_content\" style=\"background-color:rgba(255, 255, 255, 1);\"><div class=\"bt_bb_image bt_bb_shape_square bt_bb_align_inherit bt_bb_hover_style_simple bt_bb_content_display_show-on-hover bt_bb_content_align_bottom bt_bb_content_exists\" data-bt-override-class=\"{&quot;bt_bb_align_&quot;:{&quot;current_class&quot;:&quot;bt_bb_align_inherit&quot;,&quot;xl&quot;:&quot;inherit&quot;}}\"><a href=\"http:\/\/www.cpvassocies.com\/index.php\/optimisation-modes-operatoires\/\"  target=\"_self\"  title=\"Optimisation des modes op\u00e9ratoires & plans de progr\u00e8s V2\"><img loading=\"lazy\" decoding=\"async\" width=\"400\" height=\"283\" src=\"http:\/\/www.cpvassocies.com\/wp-content\/uploads\/2022\/02\/Optimisation-des-modes-operatoires-plans-de-progres-V2.jpg\" class=\"attachment-large size-large\" alt=\"http:\/\/www.cpvassocies.com\/wp-content\/uploads\/2022\/02\/Optimisation-des-modes-operatoires-plans-de-progres-V2.jpg\" data-full_image_src=\"http:\/\/www.cpvassocies.com\/wp-content\/uploads\/2022\/02\/Optimisation-des-modes-operatoires-plans-de-progres-V2.jpg\" title=\"Optimisation des modes op\u00e9ratoires &amp; plans de progr\u00e8s V2\" srcset=\"http:\/\/www.cpvassocies.com\/wp-content\/uploads\/2022\/02\/Optimisation-des-modes-operatoires-plans-de-progres-V2.jpg 400w, http:\/\/www.cpvassocies.com\/wp-content\/uploads\/2022\/02\/Optimisation-des-modes-operatoires-plans-de-progres-V2-320x226.jpg 320w\" sizes=\"(max-width: 400px) 100vw, 400px\" \/><\/a><div class=\"bt_bb_image_content\" style=\"background-color: rgba(32, 66, 138, 0.8);\"><div class=\"bt_bb_image_content_flex\"><div class=\"bt_bb_image_content_inner\"><div class=\"bt_bb_button bt_bb_icon_position_right bt_bb_color_scheme_11 bt_bb_style_clean bt_bb_size_small bt_bb_width_inline bt_bb_shape_inherit bt_bb_align_inherit\" data-bt-override-class=\"{}\"><a href=\"http:\/\/www.cpvassocies.com\/index.php\/optimisation-modes-operatoires\/\" target=\"_self\" class=\"bt_bb_link\" title=\"En savoir plus \"><span class=\"bt_bb_button_text\">En savoir plus <\/span><span  data-ico-fontawesome=\"&#xf101;\" class=\"bt_bb_icon_holder\"><\/span><\/a><\/div><\/div><\/div><\/div><\/div><div class=\"bt_bb_separator bt_bb_bottom_spacing_normal bt_bb_border_style_none\"><\/div><header class=\"bt_bb_headline bt_bb_dash_none bt_bb_size_small bt_bb_align_center\" data-bt-override-class=\"{&quot;bt_bb_size_&quot;:{&quot;current_class&quot;:&quot;bt_bb_size_small&quot;,&quot;xl&quot;:&quot;small&quot;},&quot;bt_bb_align_&quot;:{&quot;current_class&quot;:&quot;bt_bb_align_center&quot;,&quot;xl&quot;:&quot;center&quot;}}\"><h5 class=\"bt_bb_headline_tag\"><span class=\"bt_bb_headline_content\"><span><a href=\"http:\/\/www.cpvassocies.com\/index.php\/optimisation-modes-operatoires\/\" target=\"_self\" title=\"Optimisation des modes op\u00e9ratoires &amp; plans de progr\u00e8s\"><u>Optimisation des modes op\u00e9ratoires & plans de progr\u00e8s<\/u><\/a><\/span><\/span><\/h5><\/header><div class=\"bt_bb_separator bt_bb_bottom_spacing_normal bt_bb_border_style_none\"><\/div><\/div><\/div><div  class=\"bt_bb_column col-xxl-4 col-xl-4 bt_bb_vertical_align_bottom bt_bb_align_left bt_bb_padding_text_indent bt_bb_highlight\" style=\"margin-bottom: 20px;\" data-width=\"4\" data-bt-override-class=\"{}\"><div class=\"bt_bb_column_content\" style=\"background-color:rgba(255, 255, 255, 1);\"><div class=\"bt_bb_image bt_bb_shape_square bt_bb_align_inherit bt_bb_hover_style_simple bt_bb_content_display_show-on-hover bt_bb_content_align_bottom bt_bb_content_exists\" data-bt-override-class=\"{&quot;bt_bb_align_&quot;:{&quot;current_class&quot;:&quot;bt_bb_align_inherit&quot;,&quot;xl&quot;:&quot;inherit&quot;}}\"><a href=\"http:\/\/www.cpvassocies.com\/index.php\/2-1-3-etudes-barycentriques-et-modelisation-de-reseaux-logistiques\/\"  target=\"_self\"  title=\"people-2557396_1920-1280x853 etudes barycentriques et modelisation de reseux log V2\"><img loading=\"lazy\" decoding=\"async\" width=\"400\" height=\"267\" src=\"http:\/\/www.cpvassocies.com\/wp-content\/uploads\/2022\/02\/people-2557396_1920-1280x853-etudes-barycentriques-et-modelisation-de-reseux-log-V2.jpg\" class=\"attachment-large size-large\" alt=\"http:\/\/www.cpvassocies.com\/wp-content\/uploads\/2022\/02\/people-2557396_1920-1280x853-etudes-barycentriques-et-modelisation-de-reseux-log-V2.jpg\" data-full_image_src=\"http:\/\/www.cpvassocies.com\/wp-content\/uploads\/2022\/02\/people-2557396_1920-1280x853-etudes-barycentriques-et-modelisation-de-reseux-log-V2.jpg\" title=\"people-2557396_1920-1280x853 etudes barycentriques et modelisation de reseux log V2\" srcset=\"http:\/\/www.cpvassocies.com\/wp-content\/uploads\/2022\/02\/people-2557396_1920-1280x853-etudes-barycentriques-et-modelisation-de-reseux-log-V2.jpg 400w, http:\/\/www.cpvassocies.com\/wp-content\/uploads\/2022\/02\/people-2557396_1920-1280x853-etudes-barycentriques-et-modelisation-de-reseux-log-V2-320x214.jpg 320w\" sizes=\"(max-width: 400px) 100vw, 400px\" \/><\/a><div class=\"bt_bb_image_content\" style=\"background-color: rgba(32, 66, 138, 0.8);\"><div class=\"bt_bb_image_content_flex\"><div class=\"bt_bb_image_content_inner\"><div class=\"bt_bb_button bt_bb_icon_position_right bt_bb_color_scheme_11 bt_bb_style_clean bt_bb_size_small bt_bb_width_inline bt_bb_shape_inherit bt_bb_align_inherit\" data-bt-override-class=\"{}\"><a href=\"http:\/\/www.cpvassocies.com\/index.php\/2-1-3-etudes-barycentriques-et-modelisation-de-reseaux-logistiques\/\" target=\"_self\" class=\"bt_bb_link\" title=\"En savoir plus \"><span class=\"bt_bb_button_text\">En savoir plus <\/span><span  data-ico-fontawesome=\"&#xf101;\" class=\"bt_bb_icon_holder\"><\/span><\/a><\/div><\/div><\/div><\/div><\/div><div class=\"bt_bb_separator bt_bb_bottom_spacing_normal bt_bb_border_style_none\"><\/div><header class=\"bt_bb_headline bt_bb_dash_none bt_bb_size_small bt_bb_align_center\" data-bt-override-class=\"{&quot;bt_bb_size_&quot;:{&quot;current_class&quot;:&quot;bt_bb_size_small&quot;,&quot;xl&quot;:&quot;small&quot;},&quot;bt_bb_align_&quot;:{&quot;current_class&quot;:&quot;bt_bb_align_center&quot;,&quot;xl&quot;:&quot;center&quot;}}\"><h5 class=\"bt_bb_headline_tag\"><span class=\"bt_bb_headline_content\"><span><a href=\"http:\/\/www.cpvassocies.com\/index.php\/2-1-3-etudes-barycentriques-et-modelisation-de-reseaux-logistiques\/\" target=\"_self\" title=\"Etudes Barycentriques &amp; mod\u00e9lisation de r\u00e9seaux log\"><u>Etudes Barycentriques & mod\u00e9lisation de r\u00e9seaux log<\/u><\/a><\/span><\/span><\/h5><\/header><div class=\"bt_bb_separator bt_bb_bottom_spacing_normal bt_bb_border_style_none\"><\/div><\/div><\/div><\/div><\/div><\/div><\/div><\/div><\/section><section id=\"bt_bb_section69e20083a520a\"  class=\"bt_bb_section bt_bb_layout_boxed_1200\" ><div class=\"bt_bb_port\"><div class=\"bt_bb_cell\"><div class=\"bt_bb_cell_inner\"><div class=\"bt_bb_row_wrapper\"><div  class=\"bt_bb_row\" ><div  class=\"bt_bb_column col-xxl-6 col-xl-6 bt_bb_vertical_align_bottom bt_bb_align_left bt_bb_padding_text_indent bt_bb_highlight\" style=\"margin-bottom: 20px;\" data-width=\"6\" data-bt-override-class=\"{}\"><div class=\"bt_bb_column_content\" style=\"background-color:rgba(255, 255, 255, 1);\"><div class=\"bt_bb_image bt_bb_shape_square bt_bb_align_center bt_bb_hover_style_simple bt_bb_content_display_show-on-hover bt_bb_content_align_bottom bt_bb_content_exists\" data-bt-override-class=\"{&quot;bt_bb_align_&quot;:{&quot;current_class&quot;:&quot;bt_bb_align_center&quot;,&quot;xl&quot;:&quot;center&quot;}}\"><a href=\"http:\/\/www.cpvassocies.com\/index.php\/dimensionnement\/\"  target=\"_self\"  title=\"store-5619201_1920-1280x853 dimensionnement et mod\u00e9lisation d'implantation entrep\u00f4ts V2\"><img loading=\"lazy\" decoding=\"async\" width=\"400\" height=\"267\" src=\"http:\/\/www.cpvassocies.com\/wp-content\/uploads\/2022\/02\/store-5619201_1920-1280x853-dimensionnement-et-modelisation-dimplantation-entrepots-V2.jpg\" class=\"attachment-large size-large\" alt=\"http:\/\/www.cpvassocies.com\/wp-content\/uploads\/2022\/02\/store-5619201_1920-1280x853-dimensionnement-et-modelisation-dimplantation-entrepots-V2.jpg\" data-full_image_src=\"http:\/\/www.cpvassocies.com\/wp-content\/uploads\/2022\/02\/store-5619201_1920-1280x853-dimensionnement-et-modelisation-dimplantation-entrepots-V2.jpg\" title=\"store-5619201_1920-1280x853 dimensionnement et mod\u00e9lisation d&#039;implantation entrep\u00f4ts V2\" srcset=\"http:\/\/www.cpvassocies.com\/wp-content\/uploads\/2022\/02\/store-5619201_1920-1280x853-dimensionnement-et-modelisation-dimplantation-entrepots-V2.jpg 400w, http:\/\/www.cpvassocies.com\/wp-content\/uploads\/2022\/02\/store-5619201_1920-1280x853-dimensionnement-et-modelisation-dimplantation-entrepots-V2-320x214.jpg 320w\" sizes=\"(max-width: 400px) 100vw, 400px\" \/><\/a><div class=\"bt_bb_image_content\" style=\"background-color: rgba(32, 66, 138, 0.8);\"><div class=\"bt_bb_image_content_flex\"><div class=\"bt_bb_image_content_inner\"><div class=\"bt_bb_button bt_bb_icon_position_right bt_bb_color_scheme_11 bt_bb_style_clean bt_bb_size_small bt_bb_width_inline bt_bb_shape_inherit bt_bb_align_inherit\" data-bt-override-class=\"{}\"><a href=\"http:\/\/www.cpvassocies.com\/index.php\/dimensionnement\/\" target=\"_self\" class=\"bt_bb_link\" title=\"En savoir plus \"><span class=\"bt_bb_button_text\">En savoir plus <\/span><span  data-ico-fontawesome=\"&#xf101;\" class=\"bt_bb_icon_holder\"><\/span><\/a><\/div><\/div><\/div><\/div><\/div><div class=\"bt_bb_separator bt_bb_bottom_spacing_normal bt_bb_border_style_none\"><\/div><header class=\"bt_bb_headline bt_bb_dash_none bt_bb_size_small bt_bb_align_center\" data-bt-override-class=\"{&quot;bt_bb_size_&quot;:{&quot;current_class&quot;:&quot;bt_bb_size_small&quot;,&quot;xl&quot;:&quot;small&quot;},&quot;bt_bb_align_&quot;:{&quot;current_class&quot;:&quot;bt_bb_align_center&quot;,&quot;xl&quot;:&quot;center&quot;}}\"><h5 class=\"bt_bb_headline_tag\"><span class=\"bt_bb_headline_content\"><span><a href=\"http:\/\/www.cpvassocies.com\/index.php\/dimensionnement\/\" target=\"_self\" title=\"Dimensionnement et mod\u00e9lisation d&#039;implantation entrep\u00f4ts\"><u>Dimensionnement et mod\u00e9lisation d'implantation entrep\u00f4ts<\/u><\/a><\/span><\/span><\/h5><\/header><div class=\"bt_bb_separator bt_bb_bottom_spacing_normal bt_bb_border_style_none\"><\/div><\/div><\/div><div  class=\"bt_bb_column col-xxl-6 col-xl-6 bt_bb_vertical_align_bottom bt_bb_align_left bt_bb_padding_text_indent bt_bb_highlight\" style=\"margin-bottom: 20px;\" data-width=\"6\" data-bt-override-class=\"{}\"><div class=\"bt_bb_column_content\" style=\"background-color:rgba(255, 255, 255, 1);\"><div class=\"bt_bb_image bt_bb_shape_square bt_bb_align_center bt_bb_hover_style_simple bt_bb_content_display_show-on-hover bt_bb_content_align_bottom bt_bb_content_exists\" data-bt-override-class=\"{&quot;bt_bb_align_&quot;:{&quot;current_class&quot;:&quot;bt_bb_align_center&quot;,&quot;xl&quot;:&quot;center&quot;}}\"><a href=\"http:\/\/www.cpvassocies.com\/index.php\/accompagnement-a-la-conduite-dappels-doffre\/\"  target=\"_self\"  title=\"decision-5291766_960_720 accompagnement \u00e0 la conduite d'appel d'offres V2\"><img loading=\"lazy\" decoding=\"async\" width=\"400\" height=\"267\" src=\"http:\/\/www.cpvassocies.com\/wp-content\/uploads\/2022\/02\/decision-5291766_960_720-accompagnement-a-la-conduite-dappel-doffres-V2.jpg\" class=\"attachment-large size-large\" alt=\"http:\/\/www.cpvassocies.com\/wp-content\/uploads\/2022\/02\/decision-5291766_960_720-accompagnement-a-la-conduite-dappel-doffres-V2.jpg\" data-full_image_src=\"http:\/\/www.cpvassocies.com\/wp-content\/uploads\/2022\/02\/decision-5291766_960_720-accompagnement-a-la-conduite-dappel-doffres-V2.jpg\" title=\"decision-5291766_960_720 accompagnement \u00e0 la conduite d&#039;appel d&#039;offres V2\" srcset=\"http:\/\/www.cpvassocies.com\/wp-content\/uploads\/2022\/02\/decision-5291766_960_720-accompagnement-a-la-conduite-dappel-doffres-V2.jpg 400w, http:\/\/www.cpvassocies.com\/wp-content\/uploads\/2022\/02\/decision-5291766_960_720-accompagnement-a-la-conduite-dappel-doffres-V2-320x214.jpg 320w\" sizes=\"(max-width: 400px) 100vw, 400px\" \/><\/a><div class=\"bt_bb_image_content\" style=\"background-color: rgba(32, 66, 138, 0.8);\"><div class=\"bt_bb_image_content_flex\"><div class=\"bt_bb_image_content_inner\"><div class=\"bt_bb_button bt_bb_icon_position_right bt_bb_color_scheme_11 bt_bb_style_clean bt_bb_size_small bt_bb_width_inline bt_bb_shape_inherit bt_bb_align_inherit\" data-bt-override-class=\"{}\"><a href=\"http:\/\/www.cpvassocies.com\/index.php\/accompagnement-a-la-conduite-dappels-doffre\/\" target=\"_self\" class=\"bt_bb_link\" title=\"En savoir plus \"><span class=\"bt_bb_button_text\">En savoir plus <\/span><span  data-ico-fontawesome=\"&#xf101;\" class=\"bt_bb_icon_holder\"><\/span><\/a><\/div><\/div><\/div><\/div><\/div><div class=\"bt_bb_separator bt_bb_bottom_spacing_normal bt_bb_border_style_none\"><\/div><header class=\"bt_bb_headline bt_bb_dash_none bt_bb_size_small bt_bb_align_center\" data-bt-override-class=\"{&quot;bt_bb_size_&quot;:{&quot;current_class&quot;:&quot;bt_bb_size_small&quot;,&quot;xl&quot;:&quot;small&quot;},&quot;bt_bb_align_&quot;:{&quot;current_class&quot;:&quot;bt_bb_align_center&quot;,&quot;xl&quot;:&quot;center&quot;}}\"><h5 class=\"bt_bb_headline_tag\"><span class=\"bt_bb_headline_content\"><span><a href=\"http:\/\/www.cpvassocies.com\/index.php\/accompagnement-a-la-conduite-dappels-doffre\/\" target=\"_self\" title=\"Accompagnement \u00e0 la conduite  d&#039;appels d&#039;offre \"><u>Accompagnement \u00e0 la conduite<br \/>\r\nd'appels d'offre <\/u><\/a><\/span><\/span><\/h5><\/header><div class=\"bt_bb_separator bt_bb_bottom_spacing_normal bt_bb_border_style_none\"><\/div><\/div><\/div><\/div><\/div><\/div><\/div><\/div><\/section><\/div>","protected":false},"excerpt":{"rendered":"","protected":false},"author":1,"featured_media":0,"parent":0,"menu_order":0,"comment_status":"closed","ping_status":"closed","template":"","meta":{"footnotes":""},"_links":{"self":[{"href":"http:\/\/www.cpvassocies.com\/index.php\/wp-json\/wp\/v2\/pages\/2265"}],"collection":[{"href":"http:\/\/www.cpvassocies.com\/index.php\/wp-json\/wp\/v2\/pages"}],"about":[{"href":"http:\/\/www.cpvassocies.com\/index.php\/wp-json\/wp\/v2\/types\/page"}],"author":[{"embeddable":true,"href":"http:\/\/www.cpvassocies.com\/index.php\/wp-json\/wp\/v2\/users\/1"}],"replies":[{"embeddable":true,"href":"http:\/\/www.cpvassocies.com\/index.php\/wp-json\/wp\/v2\/comments?post=2265"}],"version-history":[{"count":79,"href":"http:\/\/www.cpvassocies.com\/index.php\/wp-json\/wp\/v2\/pages\/2265\/revisions"}],"predecessor-version":[{"id":3473,"href":"http:\/\/www.cpvassocies.com\/index.php\/wp-json\/wp\/v2\/pages\/2265\/revisions\/3473"}],"wp:attachment":[{"href":"http:\/\/www.cpvassocies.com\/index.php\/wp-json\/wp\/v2\/media?parent=2265"}],"curies":[{"name":"wp","href":"https:\/\/api.w.org\/{rel}","templated":true}]}}