{"id":2275,"date":"2021-04-18T17:01:28","date_gmt":"2021-04-18T15:01:28","guid":{"rendered":"http:\/\/asimrdu.cluster030.hosting.ovh.net\/?page_id=2275"},"modified":"2021-11-05T17:53:55","modified_gmt":"2021-11-05T16:53:55","slug":"formation","status":"publish","type":"page","link":"http:\/\/www.cpvassocies.com\/index.php\/formation\/","title":{"rendered":"Formation &#038; accompagnement au changement"},"content":{"rendered":"<div class=\"bt_bb_wrapper\"><section id=\"bt_bb_section69e1129dd3cc7\"  class=\"bt_bb_section bt_bb_layout_boxed_800 bt_bb_vertical_align_top\" ><div class=\"bt_bb_port\"><div class=\"bt_bb_cell\"><div class=\"bt_bb_cell_inner\"><div class=\"bt_bb_row_wrapper\"><div  class=\"bt_bb_row\" ><div  class=\"bt_bb_column col-xxl-2 col-xl-2 bt_bb_vertical_align_top bt_bb_align_left bt_bb_padding_normal\"  data-width=\"2\" data-bt-override-class=\"{}\"><div class=\"bt_bb_column_content\"><\/div><\/div><div  class=\"bt_bb_column col-xxl-8 col-xl-8 bt_bb_vertical_align_top bt_bb_align_center bt_bb_padding_normal\"  data-width=\"8\" data-bt-override-class=\"{}\"><div class=\"bt_bb_column_content\"><div class=\"bt_bb_separator bt_bb_top_spacing_small bt_bb_border_style_none\"><\/div><div class=\"bt_bb_service bt_bb_color_scheme_8 bt_bb_style_outline bt_bb_shape_circle bt_bb_size_large bt_bb_align_inherit\" style=\"; --service-primary-color:#00007f; --service-secondary-color:#ffffff;\" data-bt-override-class=\"null\"><span  data-ico-businesspeople=\"&#xe915;\" class=\"bt_bb_icon_holder\"><\/span><div class=\"bt_bb_service_content\"><div class=\"bt_bb_service_content_title\"> FORMATION ET ACCOMPAGNEMENT AU CHANGEMENT<\/div><\/div><\/div><\/div><\/div><div  class=\"bt_bb_column col-xxl-2 col-xl-2 bt_bb_vertical_align_top bt_bb_align_left bt_bb_padding_normal\"  data-width=\"2\" data-bt-override-class=\"{}\"><div class=\"bt_bb_column_content\"><\/div><\/div><\/div><\/div><div class=\"bt_bb_row_wrapper\"><div  class=\"bt_bb_row\" ><div  class=\"bt_bb_column col-xxl-12 col-xl-12 bt_bb_vertical_align_top bt_bb_align_left bt_bb_padding_normal\"  data-width=\"12\" data-bt-override-class=\"{}\"><div class=\"bt_bb_column_content\"><\/div><\/div><\/div><\/div><div class=\"bt_bb_row_wrapper\"><div  class=\"bt_bb_row\" ><div  class=\"bt_bb_column col-xxl-12 col-xl-12 bt_bb_vertical_align_top bt_bb_align_left bt_bb_padding_normal\"  data-width=\"12\" data-bt-override-class=\"{}\"><div class=\"bt_bb_column_content\"><\/div><\/div><\/div><\/div><div class=\"bt_bb_row_wrapper\"><div  class=\"bt_bb_row\" ><div  class=\"bt_bb_column col-xxl-12 col-xl-12 bt_bb_vertical_align_top bt_bb_align_left bt_bb_padding_normal\"  data-width=\"12\" data-bt-override-class=\"{}\"><div class=\"bt_bb_column_content\"><\/div><\/div><\/div><\/div><\/div><\/div><\/div><\/section><section id=\"bt_bb_section69e1129dd3f00\"  class=\"bt_bb_section bt_bb_top_spacing_small bt_bb_layout_boxed_1100 bt_bb_vertical_align_top\" ><div class=\"bt_bb_port\"><div class=\"bt_bb_cell\"><div class=\"bt_bb_cell_inner\"><div class=\"bt_bb_row_wrapper\"><div  class=\"bt_bb_row\" ><div  class=\"bt_bb_column col-xxl-12 col-xl-12 bt_bb_vertical_align_top bt_bb_align_left bt_bb_padding_normal\"  data-width=\"12\" data-bt-override-class=\"{}\"><div class=\"bt_bb_column_content\"><div class=\"bt_bb_separator bt_bb_border_style_none\"><\/div><header class=\"bt_bb_headline bt_bb_dash_top bt_bb_size_extralarge bt_bb_align_inherit\" data-bt-override-class=\"{&quot;bt_bb_size_&quot;:{&quot;current_class&quot;:&quot;bt_bb_size_extralarge&quot;,&quot;xl&quot;:&quot;extralarge&quot;},&quot;bt_bb_align_&quot;:{&quot;current_class&quot;:&quot;bt_bb_align_inherit&quot;,&quot;xl&quot;:&quot;inherit&quot;}}\"><\/header><div class=\"bt_bb_separator bt_bb_border_style_none\"><\/div><header class=\"bt_bb_headline bt_bb_dash_top bt_bb_size_inherit bt_bb_subheadline bt_bb_align_center\" data-bt-override-class=\"{&quot;bt_bb_size_&quot;:{&quot;current_class&quot;:&quot;bt_bb_size_inherit&quot;,&quot;xl&quot;:&quot;inherit&quot;},&quot;bt_bb_align_&quot;:{&quot;current_class&quot;:&quot;bt_bb_align_center&quot;,&quot;xl&quot;:&quot;center&quot;}}\"><div class=\"bt_bb_headline_subheadline\">L'offre de CPV Associ\u00e9s comprend diff\u00e9rentes solutions de formation comprenant pour toutes une partie immersion au sein des \u00e9quipes, afin de s'assurer d'\u00eatre au plus pr\u00e8s de vos besoins<br \/>\r\n<br \/>\r\nD\u00e9couvrez notre offre de formation packag\u00e9e :<br \/>\r\n<br \/>\r\n<\/div><\/header><div class=\"bt_bb_separator bt_bb_bottom_spacing_normal bt_bb_border_style_none\"><\/div><\/div><\/div><\/div><\/div><\/div><\/div><\/div><\/section><section id=\"bt_bb_section69e1129dd400d\"  class=\"bt_bb_section bt_bb_top_spacing_normal bt_bb_bottom_spacing_small bt_bb_layout_boxed_1100 bt_bb_vertical_align_top\" ><div class=\"bt_bb_port\"><div class=\"bt_bb_cell\"><div class=\"bt_bb_cell_inner\"><div class=\"bt_bb_row_wrapper\"><div  class=\"bt_bb_row bt_bb_column_gap_10\" ><div  class=\"bt_bb_column col-xxl-3 col-xl-3 bt_bb_vertical_align_bottom bt_bb_align_left bt_bb_padding_text_indent bt_bb_highlight\" style=\"margin-bottom: 20px;\" data-width=\"3\" data-bt-override-class=\"{}\"><div class=\"bt_bb_column_content\" style=\"background-color:rgba(255, 255, 255, 1);\"><div class=\"bt_bb_image bt_bb_shape_square bt_bb_align_inherit bt_bb_hover_style_simple bt_bb_content_display_show-on-hover bt_bb_content_align_bottom bt_bb_content_exists\" data-bt-override-class=\"{&quot;bt_bb_align_&quot;:{&quot;current_class&quot;:&quot;bt_bb_align_inherit&quot;,&quot;xl&quot;:&quot;inherit&quot;}}\"><a href=\"http:\/\/www.cpvassocies.com\/index.php\/accompagnement-des-equipes-aux-plans-de-transformation\/\"  target=\"_self\"  title=\"teamwork-3213924_1920\"><img loading=\"lazy\" decoding=\"async\" width=\"1200\" height=\"757\" src=\"http:\/\/www.cpvassocies.com\/wp-content\/uploads\/2021\/09\/teamwork-3213924_1920-1280x807.jpg\" class=\"attachment-large size-large\" alt=\"http:\/\/www.cpvassocies.com\/wp-content\/uploads\/2021\/09\/teamwork-3213924_1920-1280x807.jpg\" data-full_image_src=\"http:\/\/www.cpvassocies.com\/wp-content\/uploads\/2021\/09\/teamwork-3213924_1920.jpg\" title=\"teamwork-3213924_1920\" srcset=\"http:\/\/www.cpvassocies.com\/wp-content\/uploads\/2021\/09\/teamwork-3213924_1920-1280x807.jpg 1280w, http:\/\/www.cpvassocies.com\/wp-content\/uploads\/2021\/09\/teamwork-3213924_1920-640x403.jpg 640w, http:\/\/www.cpvassocies.com\/wp-content\/uploads\/2021\/09\/teamwork-3213924_1920-768x484.jpg 768w, http:\/\/www.cpvassocies.com\/wp-content\/uploads\/2021\/09\/teamwork-3213924_1920-1536x968.jpg 1536w, http:\/\/www.cpvassocies.com\/wp-content\/uploads\/2021\/09\/teamwork-3213924_1920-320x202.jpg 320w, http:\/\/www.cpvassocies.com\/wp-content\/uploads\/2021\/09\/teamwork-3213924_1920.jpg 1920w\" sizes=\"(max-width: 1200px) 100vw, 1200px\" \/><\/a><div class=\"bt_bb_image_content\" style=\"background-color: rgba(32, 66, 138, 0.8);\"><div class=\"bt_bb_image_content_flex\"><div class=\"bt_bb_image_content_inner\"><div class=\"bt_bb_button bt_bb_icon_position_right bt_bb_color_scheme_11 bt_bb_style_clean bt_bb_size_small bt_bb_width_inline bt_bb_shape_inherit bt_bb_align_inherit\" data-bt-override-class=\"{}\"><a href=\"http:\/\/www.cpvassocies.com\/index.php\/accompagnement-des-equipes-aux-plans-de-transformation\/\" target=\"_self\" class=\"bt_bb_link\" title=\"En savoir plus \"><span class=\"bt_bb_button_text\">En savoir plus <\/span><span  data-ico-fontawesome=\"&#xf101;\" class=\"bt_bb_icon_holder\"><\/span><\/a><\/div><\/div><\/div><\/div><\/div><div class=\"bt_bb_separator bt_bb_bottom_spacing_normal bt_bb_border_style_none\"><\/div><header class=\"bt_bb_headline bt_bb_dash_none bt_bb_size_small bt_bb_align_center\" data-bt-override-class=\"{&quot;bt_bb_size_&quot;:{&quot;current_class&quot;:&quot;bt_bb_size_small&quot;,&quot;xl&quot;:&quot;small&quot;},&quot;bt_bb_align_&quot;:{&quot;current_class&quot;:&quot;bt_bb_align_center&quot;,&quot;xl&quot;:&quot;center&quot;}}\"><h5 class=\"bt_bb_headline_tag\"><span class=\"bt_bb_headline_content\"><span><a href=\"http:\/\/www.cpvassocies.com\/index.php\/accompagnement-des-equipes-aux-plans-de-transformation\/\" target=\"_self\" title=\"Accompagnement des \u00e9quipes aux plans  de transformation &amp; coaching\"><u>Accompagnement des \u00e9quipes aux plans<br \/>\r\nde transformation & coaching<\/u><\/a><\/span><\/span><\/h5><\/header><div class=\"bt_bb_separator bt_bb_bottom_spacing_normal bt_bb_border_style_none\"><\/div><\/div><\/div><div  class=\"bt_bb_column col-xxl-3 col-xl-3 bt_bb_vertical_align_bottom bt_bb_align_left bt_bb_padding_text_indent bt_bb_highlight\" style=\"margin-bottom: 20px;\" data-width=\"3\" data-bt-override-class=\"{}\"><div class=\"bt_bb_column_content\" style=\"background-color:rgba(255, 255, 255, 1);\"><div class=\"bt_bb_image bt_bb_shape_square bt_bb_align_inherit bt_bb_hover_style_simple bt_bb_content_display_show-on-hover bt_bb_content_align_bottom bt_bb_content_exists\" data-bt-override-class=\"{&quot;bt_bb_align_&quot;:{&quot;current_class&quot;:&quot;bt_bb_align_inherit&quot;,&quot;xl&quot;:&quot;inherit&quot;}}\"><a href=\"http:\/\/www.cpvassocies.com\/index.php\/etude-et-conception-de-programmes-de-formation-en-supply-chain-sur-mesure\/\"  target=\"_self\"  title=\"meeting-1245776_1920\"><img loading=\"lazy\" decoding=\"async\" width=\"1200\" height=\"800\" src=\"http:\/\/www.cpvassocies.com\/wp-content\/uploads\/2021\/09\/meeting-1245776_1920-1280x853.jpg\" class=\"attachment-large size-large\" alt=\"http:\/\/www.cpvassocies.com\/wp-content\/uploads\/2021\/09\/meeting-1245776_1920-1280x853.jpg\" data-full_image_src=\"http:\/\/www.cpvassocies.com\/wp-content\/uploads\/2021\/09\/meeting-1245776_1920.jpg\" title=\"meeting-1245776_1920\" srcset=\"http:\/\/www.cpvassocies.com\/wp-content\/uploads\/2021\/09\/meeting-1245776_1920-1280x853.jpg 1280w, http:\/\/www.cpvassocies.com\/wp-content\/uploads\/2021\/09\/meeting-1245776_1920-640x427.jpg 640w, http:\/\/www.cpvassocies.com\/wp-content\/uploads\/2021\/09\/meeting-1245776_1920-768x512.jpg 768w, http:\/\/www.cpvassocies.com\/wp-content\/uploads\/2021\/09\/meeting-1245776_1920-1536x1024.jpg 1536w, http:\/\/www.cpvassocies.com\/wp-content\/uploads\/2021\/09\/meeting-1245776_1920-320x213.jpg 320w, http:\/\/www.cpvassocies.com\/wp-content\/uploads\/2021\/09\/meeting-1245776_1920.jpg 1920w\" sizes=\"(max-width: 1200px) 100vw, 1200px\" \/><\/a><div class=\"bt_bb_image_content\" style=\"background-color: rgba(32, 66, 138, 0.8);\"><div class=\"bt_bb_image_content_flex\"><div class=\"bt_bb_image_content_inner\"><div class=\"bt_bb_button bt_bb_icon_position_right bt_bb_color_scheme_11 bt_bb_style_clean bt_bb_size_small bt_bb_width_inline bt_bb_shape_inherit bt_bb_align_inherit\" data-bt-override-class=\"{}\"><a href=\"http:\/\/www.cpvassocies.com\/index.php\/etude-et-conception-de-programmes-de-formation-en-supply-chain-sur-mesure\/\" target=\"_self\" class=\"bt_bb_link\" title=\"En savoir plus \"><span class=\"bt_bb_button_text\">En savoir plus <\/span><span  data-ico-fontawesome=\"&#xf101;\" class=\"bt_bb_icon_holder\"><\/span><\/a><\/div><\/div><\/div><\/div><\/div><div class=\"bt_bb_separator bt_bb_bottom_spacing_normal bt_bb_border_style_none\"><\/div><header class=\"bt_bb_headline bt_bb_dash_none bt_bb_size_small bt_bb_align_center\" data-bt-override-class=\"{&quot;bt_bb_size_&quot;:{&quot;current_class&quot;:&quot;bt_bb_size_small&quot;,&quot;xl&quot;:&quot;small&quot;},&quot;bt_bb_align_&quot;:{&quot;current_class&quot;:&quot;bt_bb_align_center&quot;,&quot;xl&quot;:&quot;center&quot;}}\"><h5 class=\"bt_bb_headline_tag\"><span class=\"bt_bb_headline_content\"><span><a href=\"http:\/\/www.cpvassocies.com\/index.php\/etude-et-conception-de-programmes-de-formation-en-supply-chain-sur-mesure\/\" target=\"_self\" title=\"Etude, conception  &amp; animation de programmes de formation en Supply-chain\"><u>Etude, conception<br \/>\r\n& animation de programmes de formation en Supply-chain<\/u><\/a><\/span><\/span><\/h5><\/header><div class=\"bt_bb_separator bt_bb_bottom_spacing_normal bt_bb_border_style_none\"><\/div><\/div><\/div><div  class=\"bt_bb_column col-xxl-3 col-xl-3 bt_bb_vertical_align_bottom bt_bb_align_left bt_bb_padding_text_indent bt_bb_highlight\" style=\"margin-bottom: 20px;\" data-width=\"3\" data-bt-override-class=\"{}\"><div class=\"bt_bb_column_content\" style=\"background-color:rgba(255, 255, 255, 1);\"><div class=\"bt_bb_image bt_bb_shape_square bt_bb_align_inherit bt_bb_hover_style_simple bt_bb_content_display_show-on-hover bt_bb_content_align_bottom bt_bb_content_exists\" data-bt-override-class=\"{&quot;bt_bb_align_&quot;:{&quot;current_class&quot;:&quot;bt_bb_align_inherit&quot;,&quot;xl&quot;:&quot;inherit&quot;}}\"><a href=\"http:\/\/www.cpvassocies.com\/index.php\/animations-de-jeux-du-beer-game-bien-approvisionner-gerer-ses-stocks\/\"  target=\"_self\"  title=\"forklift-835340_1920\"><img loading=\"lazy\" decoding=\"async\" width=\"1200\" height=\"800\" src=\"http:\/\/www.cpvassocies.com\/wp-content\/uploads\/2021\/09\/forklift-835340_1920-1280x853.jpg\" class=\"attachment-large size-large\" alt=\"http:\/\/www.cpvassocies.com\/wp-content\/uploads\/2021\/09\/forklift-835340_1920-1280x853.jpg\" data-full_image_src=\"http:\/\/www.cpvassocies.com\/wp-content\/uploads\/2021\/09\/forklift-835340_1920.jpg\" title=\"forklift-835340_1920\" srcset=\"http:\/\/www.cpvassocies.com\/wp-content\/uploads\/2021\/09\/forklift-835340_1920-1280x853.jpg 1280w, http:\/\/www.cpvassocies.com\/wp-content\/uploads\/2021\/09\/forklift-835340_1920-640x427.jpg 640w, http:\/\/www.cpvassocies.com\/wp-content\/uploads\/2021\/09\/forklift-835340_1920-768x512.jpg 768w, http:\/\/www.cpvassocies.com\/wp-content\/uploads\/2021\/09\/forklift-835340_1920-1536x1024.jpg 1536w, http:\/\/www.cpvassocies.com\/wp-content\/uploads\/2021\/09\/forklift-835340_1920-320x213.jpg 320w, http:\/\/www.cpvassocies.com\/wp-content\/uploads\/2021\/09\/forklift-835340_1920.jpg 1920w\" sizes=\"(max-width: 1200px) 100vw, 1200px\" \/><\/a><div class=\"bt_bb_image_content\" style=\"background-color: rgba(32, 66, 138, 0.8);\"><div class=\"bt_bb_image_content_flex\"><div class=\"bt_bb_image_content_inner\"><div class=\"bt_bb_button bt_bb_icon_position_right bt_bb_color_scheme_11 bt_bb_style_clean bt_bb_size_small bt_bb_width_inline bt_bb_shape_inherit bt_bb_align_inherit\" data-bt-override-class=\"{}\"><a href=\"http:\/\/www.cpvassocies.com\/index.php\/animations-de-jeux-du-beer-game-bien-approvisionner-gerer-ses-stocks\/\" target=\"_self\" class=\"bt_bb_link\" title=\"En savoir plus \"><span class=\"bt_bb_button_text\">En savoir plus <\/span><span  data-ico-fontawesome=\"&#xf101;\" class=\"bt_bb_icon_holder\"><\/span><\/a><\/div><\/div><\/div><\/div><\/div><div class=\"bt_bb_separator bt_bb_bottom_spacing_normal bt_bb_border_style_none\"><\/div><header class=\"bt_bb_headline bt_bb_dash_none bt_bb_size_small bt_bb_align_center\" data-bt-override-class=\"{&quot;bt_bb_size_&quot;:{&quot;current_class&quot;:&quot;bt_bb_size_small&quot;,&quot;xl&quot;:&quot;small&quot;},&quot;bt_bb_align_&quot;:{&quot;current_class&quot;:&quot;bt_bb_align_center&quot;,&quot;xl&quot;:&quot;center&quot;}}\"><h5 class=\"bt_bb_headline_tag\"><span class=\"bt_bb_headline_content\"><span><a href=\"http:\/\/www.cpvassocies.com\/index.php\/animations-de-jeux-du-beer-game-bien-approvisionner-gerer-ses-stocks\/\" target=\"_self\" title=\"Animation de jeux du &quot;Beer Game&quot;  Bien approvisionner et g\u00e9rer ses stocks\"><u>Animation de jeux du &quot;Beer Game&quot;<br \/>\r\nBien approvisionner et g\u00e9rer ses stocks<\/u><\/a><\/span><\/span><\/h5><\/header><div class=\"bt_bb_separator bt_bb_bottom_spacing_normal bt_bb_border_style_none\"><\/div><\/div><\/div><div  class=\"bt_bb_column col-xxl-3 col-xl-3 bt_bb_vertical_align_bottom bt_bb_align_left bt_bb_padding_text_indent bt_bb_highlight\" style=\"margin-bottom: 20px;\" data-width=\"3\" data-bt-override-class=\"{}\"><div class=\"bt_bb_column_content\" style=\"background-color:rgba(255, 255, 255, 1);\"><div class=\"bt_bb_image bt_bb_shape_square bt_bb_align_inherit bt_bb_hover_style_simple bt_bb_content_display_show-on-hover bt_bb_content_align_bottom bt_bb_content_exists\" data-bt-override-class=\"{&quot;bt_bb_align_&quot;:{&quot;current_class&quot;:&quot;bt_bb_align_inherit&quot;,&quot;xl&quot;:&quot;inherit&quot;}}\"><a href=\"http:\/\/www.cpvassocies.com\/index.php\/accompagnement-vae-validation-des-acquis-de-lexperience\/\"  target=\"_self\"  title=\"training-5069846_1920\"><img loading=\"lazy\" decoding=\"async\" width=\"1200\" height=\"800\" src=\"http:\/\/www.cpvassocies.com\/wp-content\/uploads\/2021\/09\/training-5069846_1920-1280x853.jpg\" class=\"attachment-large size-large\" alt=\"http:\/\/www.cpvassocies.com\/wp-content\/uploads\/2021\/09\/training-5069846_1920-1280x853.jpg\" data-full_image_src=\"http:\/\/www.cpvassocies.com\/wp-content\/uploads\/2021\/09\/training-5069846_1920.jpg\" title=\"training-5069846_1920\" srcset=\"http:\/\/www.cpvassocies.com\/wp-content\/uploads\/2021\/09\/training-5069846_1920-1280x853.jpg 1280w, http:\/\/www.cpvassocies.com\/wp-content\/uploads\/2021\/09\/training-5069846_1920-640x427.jpg 640w, http:\/\/www.cpvassocies.com\/wp-content\/uploads\/2021\/09\/training-5069846_1920-768x512.jpg 768w, http:\/\/www.cpvassocies.com\/wp-content\/uploads\/2021\/09\/training-5069846_1920-1536x1024.jpg 1536w, http:\/\/www.cpvassocies.com\/wp-content\/uploads\/2021\/09\/training-5069846_1920-320x213.jpg 320w, http:\/\/www.cpvassocies.com\/wp-content\/uploads\/2021\/09\/training-5069846_1920.jpg 1920w\" sizes=\"(max-width: 1200px) 100vw, 1200px\" \/><\/a><div class=\"bt_bb_image_content\" style=\"background-color: rgba(32, 66, 138, 0.8);\"><div class=\"bt_bb_image_content_flex\"><div class=\"bt_bb_image_content_inner\"><div class=\"bt_bb_button bt_bb_icon_position_right bt_bb_color_scheme_11 bt_bb_style_clean bt_bb_size_small bt_bb_width_inline bt_bb_shape_inherit bt_bb_align_inherit\" data-bt-override-class=\"{}\"><a href=\"http:\/\/www.cpvassocies.com\/index.php\/accompagnement-vae-validation-des-acquis-de-lexperience\/\" target=\"_self\" class=\"bt_bb_link\" title=\"En savoir plus \"><span class=\"bt_bb_button_text\">En savoir plus <\/span><span  data-ico-fontawesome=\"&#xf101;\" class=\"bt_bb_icon_holder\"><\/span><\/a><\/div><\/div><\/div><\/div><\/div><div class=\"bt_bb_separator bt_bb_bottom_spacing_normal bt_bb_border_style_none\"><\/div><header class=\"bt_bb_headline bt_bb_dash_none bt_bb_size_small bt_bb_align_center\" data-bt-override-class=\"{&quot;bt_bb_size_&quot;:{&quot;current_class&quot;:&quot;bt_bb_size_small&quot;,&quot;xl&quot;:&quot;small&quot;},&quot;bt_bb_align_&quot;:{&quot;current_class&quot;:&quot;bt_bb_align_center&quot;,&quot;xl&quot;:&quot;center&quot;}}\"><h5 class=\"bt_bb_headline_tag\"><span class=\"bt_bb_headline_content\"><span><a href=\"http:\/\/www.cpvassocies.com\/index.php\/accompagnement-vae-validation-des-acquis-de-lexperience\/\" target=\"_self\" title=\"Accompagnement VAE  (Validation des Acquis de l&#039;Exp\u00e9rience)\"><u>Accompagnement VAE<br \/>\r\n(Validation des Acquis de l'Exp\u00e9rience)<\/u><\/a><\/span><\/span><\/h5><\/header><div class=\"bt_bb_separator bt_bb_bottom_spacing_normal bt_bb_border_style_none\"><\/div><\/div><\/div><\/div><\/div><\/div><\/div><\/div><\/section><\/div>","protected":false},"excerpt":{"rendered":"","protected":false},"author":1,"featured_media":0,"parent":0,"menu_order":0,"comment_status":"closed","ping_status":"closed","template":"","meta":{"footnotes":""},"_links":{"self":[{"href":"http:\/\/www.cpvassocies.com\/index.php\/wp-json\/wp\/v2\/pages\/2275"}],"collection":[{"href":"http:\/\/www.cpvassocies.com\/index.php\/wp-json\/wp\/v2\/pages"}],"about":[{"href":"http:\/\/www.cpvassocies.com\/index.php\/wp-json\/wp\/v2\/types\/page"}],"author":[{"embeddable":true,"href":"http:\/\/www.cpvassocies.com\/index.php\/wp-json\/wp\/v2\/users\/1"}],"replies":[{"embeddable":true,"href":"http:\/\/www.cpvassocies.com\/index.php\/wp-json\/wp\/v2\/comments?post=2275"}],"version-history":[{"count":28,"href":"http:\/\/www.cpvassocies.com\/index.php\/wp-json\/wp\/v2\/pages\/2275\/revisions"}],"predecessor-version":[{"id":3242,"href":"http:\/\/www.cpvassocies.com\/index.php\/wp-json\/wp\/v2\/pages\/2275\/revisions\/3242"}],"wp:attachment":[{"href":"http:\/\/www.cpvassocies.com\/index.php\/wp-json\/wp\/v2\/media?parent=2275"}],"curies":[{"name":"wp","href":"https:\/\/api.w.org\/{rel}","templated":true}]}}