{"id":2697,"date":"2021-07-13T17:47:19","date_gmt":"2021-07-13T15:47:19","guid":{"rendered":"http:\/\/www.cpvassocies.com\/?page_id=2697"},"modified":"2021-10-22T13:51:29","modified_gmt":"2021-10-22T11:51:29","slug":"accelerateur-de-communautes","status":"publish","type":"page","link":"http:\/\/www.cpvassocies.com\/index.php\/accelerateur-de-communautes\/","title":{"rendered":"Acc\u00e9l\u00e9rateur de communaut\u00e9s"},"content":{"rendered":"<div class=\"bt_bb_wrapper\"><section id=\"bt_bb_section69e25044d2479\"  class=\"bt_bb_section bt_bb_layout_boxed_800 bt_bb_vertical_align_top\" ><div class=\"bt_bb_port\"><div class=\"bt_bb_cell\"><div class=\"bt_bb_cell_inner\"><div class=\"bt_bb_row_wrapper\"><div  class=\"bt_bb_row\" ><div  class=\"bt_bb_column col-xxl-2 col-xl-2 bt_bb_vertical_align_top bt_bb_align_left bt_bb_padding_normal\"  data-width=\"2\" data-bt-override-class=\"{}\"><div class=\"bt_bb_column_content\"><\/div><\/div><div  class=\"bt_bb_column col-xxl-8 col-xl-8 bt_bb_vertical_align_top bt_bb_align_center bt_bb_padding_normal\"  data-width=\"8\" data-bt-override-class=\"{}\"><div class=\"bt_bb_column_content\"><div class=\"bt_bb_separator bt_bb_top_spacing_extra_small bt_bb_border_style_none\"><\/div><div class=\"bt_bb_service bt_bb_color_scheme_8 bt_bb_style_borderless bt_bb_shape_circle bt_bb_size_large bt_bb_align_inherit\" style=\"; --service-primary-color:#00007f; --service-secondary-color:#ffffff;\" data-bt-override-class=\"null\"><span  data-ico-businesspeople=\"&#xe909;\" class=\"bt_bb_icon_holder\"><\/span><div class=\"bt_bb_service_content\"><div class=\"bt_bb_service_content_title\">ACCELERATEUR DE COMMUNAUTES<\/div><\/div><\/div><\/div><\/div><div  class=\"bt_bb_column col-xxl-2 col-xl-2 bt_bb_vertical_align_top bt_bb_align_left bt_bb_padding_normal\"  data-width=\"2\" data-bt-override-class=\"{}\"><div class=\"bt_bb_column_content\"><\/div><\/div><\/div><\/div><div class=\"bt_bb_row_wrapper\"><div  class=\"bt_bb_row\" ><div  class=\"bt_bb_column col-xxl-12 col-xl-12 bt_bb_vertical_align_top bt_bb_align_left bt_bb_padding_normal\"  data-width=\"12\" data-bt-override-class=\"{}\"><div class=\"bt_bb_column_content\"><\/div><\/div><\/div><\/div><div class=\"bt_bb_row_wrapper\"><div  class=\"bt_bb_row\" ><div  class=\"bt_bb_column col-xxl-12 col-xl-12 bt_bb_vertical_align_top bt_bb_align_left bt_bb_padding_normal\"  data-width=\"12\" data-bt-override-class=\"{}\"><div class=\"bt_bb_column_content\"><\/div><\/div><\/div><\/div><div class=\"bt_bb_row_wrapper\"><div  class=\"bt_bb_row\" ><div  class=\"bt_bb_column col-xxl-12 col-xl-12 bt_bb_vertical_align_top bt_bb_align_left bt_bb_padding_normal\"  data-width=\"12\" data-bt-override-class=\"{}\"><div class=\"bt_bb_column_content\"><\/div><\/div><\/div><\/div><div class=\"bt_bb_row_wrapper\"><div  class=\"bt_bb_row\" ><div  class=\"bt_bb_column col-xxl-12 col-xl-12 bt_bb_vertical_align_top bt_bb_align_left bt_bb_padding_normal\"  data-width=\"12\" data-bt-override-class=\"{}\"><div class=\"bt_bb_column_content\"><\/div><\/div><\/div><\/div><\/div><\/div><\/div><\/section><section id=\"bt_bb_section69e25044d2787\"  class=\"bt_bb_section bt_bb_top_spacing_small bt_bb_layout_boxed_800 bt_bb_vertical_align_top\" ><div class=\"bt_bb_port\"><div class=\"bt_bb_cell\"><div class=\"bt_bb_cell_inner\"><div class=\"bt_bb_row_wrapper\"><div  class=\"bt_bb_row\" ><div  class=\"bt_bb_column col-xxl-12 col-xl-12 bt_bb_vertical_align_top bt_bb_align_left bt_bb_padding_normal\"  data-width=\"12\" data-bt-override-class=\"{}\"><div class=\"bt_bb_column_content\"><div class=\"bt_bb_separator bt_bb_border_style_none\"><\/div><header class=\"bt_bb_headline bt_bb_dash_top bt_bb_size_extralarge bt_bb_align_inherit\" data-bt-override-class=\"{&quot;bt_bb_size_&quot;:{&quot;current_class&quot;:&quot;bt_bb_size_extralarge&quot;,&quot;xl&quot;:&quot;extralarge&quot;},&quot;bt_bb_align_&quot;:{&quot;current_class&quot;:&quot;bt_bb_align_inherit&quot;,&quot;xl&quot;:&quot;inherit&quot;}}\"><\/header><div class=\"bt_bb_separator bt_bb_border_style_none\"><\/div><header class=\"bt_bb_headline bt_bb_dash_top bt_bb_size_inherit bt_bb_subheadline bt_bb_align_center\" data-bt-override-class=\"{&quot;bt_bb_size_&quot;:{&quot;current_class&quot;:&quot;bt_bb_size_inherit&quot;,&quot;xl&quot;:&quot;inherit&quot;},&quot;bt_bb_align_&quot;:{&quot;current_class&quot;:&quot;bt_bb_align_center&quot;,&quot;xl&quot;:&quot;center&quot;}}\"><div class=\"bt_bb_headline_subheadline\">CPV Associ\u00e9s a d\u00e9velopp\u00e9 un savoir faire sp\u00e9cifique d'animation construit sur de nombreuses ann\u00e9es en collaboration avec un \u00e9co-syst\u00e8me d'acteurs vari\u00e9s en logistique<br \/>\r\n<\/div><\/header><div class=\"bt_bb_separator bt_bb_bottom_spacing_normal bt_bb_border_style_none\"><\/div><\/div><\/div><\/div><\/div><\/div><\/div><\/div><\/section><section id=\"bt_bb_section69e25044d28f7\"  class=\"bt_bb_section bt_bb_top_spacing_normal bt_bb_bottom_spacing_small bt_bb_layout_boxed_1100 bt_bb_vertical_align_top\" ><div class=\"bt_bb_port\"><div class=\"bt_bb_cell\"><div class=\"bt_bb_cell_inner\"><div class=\"bt_bb_row_wrapper\"><div  class=\"bt_bb_row bt_bb_column_gap_10\" ><div  class=\"bt_bb_column col-xxl-3 col-xl-3 bt_bb_vertical_align_bottom bt_bb_align_left bt_bb_padding_text_indent bt_bb_highlight\" style=\"margin-bottom: 20px;\" data-width=\"3\" data-bt-override-class=\"{}\"><div class=\"bt_bb_column_content\" style=\"background-color:rgba(255, 255, 255, 1);\"><div class=\"bt_bb_image bt_bb_shape_square bt_bb_align_inherit bt_bb_hover_style_simple bt_bb_content_display_show-on-hover bt_bb_content_align_bottom bt_bb_content_exists\" data-bt-override-class=\"{&quot;bt_bb_align_&quot;:{&quot;current_class&quot;:&quot;bt_bb_align_inherit&quot;,&quot;xl&quot;:&quot;inherit&quot;}}\"><a href=\"http:\/\/www.cpvassocies.com\/index.php\/club-demeter\/\"  target=\"_self\"  title=\"CLUB-DEMETER-OUVERTURE-API-2019-\"><img loading=\"lazy\" decoding=\"async\" width=\"1000\" height=\"475\" src=\"http:\/\/www.cpvassocies.com\/wp-content\/uploads\/2021\/09\/CLUB-DEMETER-OUVERTURE-API-2019-.jpg\" class=\"attachment-large size-large\" alt=\"http:\/\/www.cpvassocies.com\/wp-content\/uploads\/2021\/09\/CLUB-DEMETER-OUVERTURE-API-2019-.jpg\" data-full_image_src=\"http:\/\/www.cpvassocies.com\/wp-content\/uploads\/2021\/09\/CLUB-DEMETER-OUVERTURE-API-2019-.jpg\" title=\"CLUB-DEMETER-OUVERTURE-API-2019-\" srcset=\"http:\/\/www.cpvassocies.com\/wp-content\/uploads\/2021\/09\/CLUB-DEMETER-OUVERTURE-API-2019-.jpg 1000w, http:\/\/www.cpvassocies.com\/wp-content\/uploads\/2021\/09\/CLUB-DEMETER-OUVERTURE-API-2019--640x304.jpg 640w, http:\/\/www.cpvassocies.com\/wp-content\/uploads\/2021\/09\/CLUB-DEMETER-OUVERTURE-API-2019--768x365.jpg 768w, http:\/\/www.cpvassocies.com\/wp-content\/uploads\/2021\/09\/CLUB-DEMETER-OUVERTURE-API-2019--320x152.jpg 320w\" sizes=\"(max-width: 1000px) 100vw, 1000px\" \/><\/a><div class=\"bt_bb_image_content\" style=\"background-color: rgba(32, 66, 138, 0.8);\"><div class=\"bt_bb_image_content_flex\"><div class=\"bt_bb_image_content_inner\"><div class=\"bt_bb_button bt_bb_icon_position_right bt_bb_color_scheme_11 bt_bb_style_clean bt_bb_size_small bt_bb_width_inline bt_bb_shape_inherit bt_bb_align_inherit\" data-bt-override-class=\"{}\"><a href=\"http:\/\/www.cpvassocies.com\/index.php\/club-demeter\/\" target=\"_self\" class=\"bt_bb_link\" title=\"En savoir plus \"><span class=\"bt_bb_button_text\">En savoir plus <\/span><span  data-ico-fontawesome=\"&#xf101;\" class=\"bt_bb_icon_holder\"><\/span><\/a><\/div><\/div><\/div><\/div><\/div><div class=\"bt_bb_separator bt_bb_bottom_spacing_normal bt_bb_border_style_none\"><\/div><header class=\"bt_bb_headline bt_bb_dash_none bt_bb_size_small bt_bb_align_center\" data-bt-override-class=\"{&quot;bt_bb_size_&quot;:{&quot;current_class&quot;:&quot;bt_bb_size_small&quot;,&quot;xl&quot;:&quot;small&quot;},&quot;bt_bb_align_&quot;:{&quot;current_class&quot;:&quot;bt_bb_align_center&quot;,&quot;xl&quot;:&quot;center&quot;}}\"><h5 class=\"bt_bb_headline_tag\"><span class=\"bt_bb_headline_content\"><span><a href=\"http:\/\/www.cpvassocies.com\/index.php\/club-demeter\/\" target=\"_self\" title=\"Club D\u00e9m\u00e9ter Logistique Responsable\"><u>Club D\u00e9m\u00e9ter Logistique Responsable<\/u><\/a><\/span><\/span><\/h5><\/header><div class=\"bt_bb_separator bt_bb_bottom_spacing_normal bt_bb_border_style_none\"><\/div><\/div><\/div><div  class=\"bt_bb_column col-xxl-3 col-xl-3 bt_bb_vertical_align_bottom bt_bb_align_left bt_bb_padding_text_indent bt_bb_highlight\" style=\"margin-bottom: 20px;\" data-width=\"3\" data-bt-override-class=\"{}\"><div class=\"bt_bb_column_content\" style=\"background-color:rgba(255, 255, 255, 1);\"><div class=\"bt_bb_image bt_bb_shape_square bt_bb_align_inherit bt_bb_hover_style_simple bt_bb_content_display_show-on-hover bt_bb_content_align_bottom bt_bb_content_exists\" data-bt-override-class=\"{&quot;bt_bb_align_&quot;:{&quot;current_class&quot;:&quot;bt_bb_align_inherit&quot;,&quot;xl&quot;:&quot;inherit&quot;}}\"><a href=\"http:\/\/www.cpvassocies.com\/index.php\/fabrique-de-la-logistique\/\"  target=\"_self\"  title=\"fablog\"><img loading=\"lazy\" decoding=\"async\" width=\"743\" height=\"457\" src=\"http:\/\/www.cpvassocies.com\/wp-content\/uploads\/2021\/09\/fablog.jpg\" class=\"attachment-large size-large\" alt=\"http:\/\/www.cpvassocies.com\/wp-content\/uploads\/2021\/09\/fablog.jpg\" data-full_image_src=\"http:\/\/www.cpvassocies.com\/wp-content\/uploads\/2021\/09\/fablog.jpg\" title=\"fablog\" srcset=\"http:\/\/www.cpvassocies.com\/wp-content\/uploads\/2021\/09\/fablog.jpg 743w, http:\/\/www.cpvassocies.com\/wp-content\/uploads\/2021\/09\/fablog-640x394.jpg 640w, http:\/\/www.cpvassocies.com\/wp-content\/uploads\/2021\/09\/fablog-320x197.jpg 320w\" sizes=\"(max-width: 743px) 100vw, 743px\" \/><\/a><div class=\"bt_bb_image_content\" style=\"background-color: rgba(32, 66, 138, 0.8);\"><div class=\"bt_bb_image_content_flex\"><div class=\"bt_bb_image_content_inner\"><div class=\"bt_bb_button bt_bb_icon_position_right bt_bb_color_scheme_11 bt_bb_style_clean bt_bb_size_small bt_bb_width_inline bt_bb_shape_inherit bt_bb_align_inherit\" data-bt-override-class=\"{}\"><a href=\"http:\/\/www.cpvassocies.com\/index.php\/fabrique-de-la-logistique\/\" target=\"_self\" class=\"bt_bb_link\" title=\"En savoir plus \"><span class=\"bt_bb_button_text\">En savoir plus <\/span><span  data-ico-fontawesome=\"&#xf101;\" class=\"bt_bb_icon_holder\"><\/span><\/a><\/div><\/div><\/div><\/div><\/div><div class=\"bt_bb_separator bt_bb_bottom_spacing_normal bt_bb_border_style_none\"><\/div><header class=\"bt_bb_headline bt_bb_dash_none bt_bb_size_small bt_bb_align_center\" data-bt-override-class=\"{&quot;bt_bb_size_&quot;:{&quot;current_class&quot;:&quot;bt_bb_size_small&quot;,&quot;xl&quot;:&quot;small&quot;},&quot;bt_bb_align_&quot;:{&quot;current_class&quot;:&quot;bt_bb_align_center&quot;,&quot;xl&quot;:&quot;center&quot;}}\"><h5 class=\"bt_bb_headline_tag\"><span class=\"bt_bb_headline_content\"><span><a href=\"http:\/\/www.cpvassocies.com\/index.php\/fabrique-de-la-logistique\/\" target=\"_self\" title=\"Fabrique de la Logistique\"><u>Fabrique de la Logistique<\/u><\/a><\/span><\/span><\/h5><\/header><div class=\"bt_bb_separator bt_bb_bottom_spacing_normal bt_bb_border_style_none\"><\/div><\/div><\/div><div  class=\"bt_bb_column col-xxl-3 col-xl-3 bt_bb_vertical_align_bottom bt_bb_align_left bt_bb_padding_text_indent bt_bb_highlight\" style=\"margin-bottom: 20px;\" data-width=\"3\" data-bt-override-class=\"{}\"><div class=\"bt_bb_column_content\" style=\"background-color:rgba(255, 255, 255, 1);\"><div class=\"bt_bb_image bt_bb_shape_square bt_bb_align_inherit bt_bb_hover_style_simple bt_bb_content_display_show-on-hover bt_bb_content_align_bottom bt_bb_content_exists\" data-bt-override-class=\"{&quot;bt_bb_align_&quot;:{&quot;current_class&quot;:&quot;bt_bb_align_inherit&quot;,&quot;xl&quot;:&quot;inherit&quot;}}\"><a href=\"http:\/\/www.cpvassocies.com\/index.php\/valhor\/\"  target=\"_self\"  title=\"valhor_logo-380_787_796\"><img loading=\"lazy\" decoding=\"async\" width=\"380\" height=\"249\" src=\"http:\/\/www.cpvassocies.com\/wp-content\/uploads\/2021\/09\/valhor_logo-380_787_796.jpg\" class=\"attachment-large size-large\" alt=\"http:\/\/www.cpvassocies.com\/wp-content\/uploads\/2021\/09\/valhor_logo-380_787_796.jpg\" data-full_image_src=\"http:\/\/www.cpvassocies.com\/wp-content\/uploads\/2021\/09\/valhor_logo-380_787_796.jpg\" title=\"valhor_logo-380_787_796\" srcset=\"http:\/\/www.cpvassocies.com\/wp-content\/uploads\/2021\/09\/valhor_logo-380_787_796.jpg 380w, http:\/\/www.cpvassocies.com\/wp-content\/uploads\/2021\/09\/valhor_logo-380_787_796-320x210.jpg 320w\" sizes=\"(max-width: 380px) 100vw, 380px\" \/><\/a><div class=\"bt_bb_image_content\" style=\"background-color: rgba(32, 66, 138, 0.8);\"><div class=\"bt_bb_image_content_flex\"><div class=\"bt_bb_image_content_inner\"><div class=\"bt_bb_button bt_bb_icon_position_right bt_bb_color_scheme_11 bt_bb_style_clean bt_bb_size_small bt_bb_width_inline bt_bb_shape_inherit bt_bb_align_inherit\" data-bt-override-class=\"{}\"><a href=\"http:\/\/www.cpvassocies.com\/index.php\/valhor\/\" target=\"_self\" class=\"bt_bb_link\" title=\"En savoir plus \"><span class=\"bt_bb_button_text\">En savoir plus <\/span><span  data-ico-fontawesome=\"&#xf101;\" class=\"bt_bb_icon_holder\"><\/span><\/a><\/div><\/div><\/div><\/div><\/div><div class=\"bt_bb_separator bt_bb_bottom_spacing_normal bt_bb_border_style_none\"><\/div><header class=\"bt_bb_headline bt_bb_dash_none bt_bb_size_small bt_bb_align_center\" data-bt-override-class=\"{&quot;bt_bb_size_&quot;:{&quot;current_class&quot;:&quot;bt_bb_size_small&quot;,&quot;xl&quot;:&quot;small&quot;},&quot;bt_bb_align_&quot;:{&quot;current_class&quot;:&quot;bt_bb_align_center&quot;,&quot;xl&quot;:&quot;center&quot;}}\"><h5 class=\"bt_bb_headline_tag\"><span class=\"bt_bb_headline_content\"><span><a href=\"http:\/\/www.cpvassocies.com\/index.php\/valhor\/\" target=\"_self\" title=\"Val&#039;hor\"><u>Val'hor<\/u><\/a><\/span><\/span><\/h5><\/header><div class=\"bt_bb_separator bt_bb_bottom_spacing_normal bt_bb_border_style_none\"><\/div><\/div><\/div><div  class=\"bt_bb_column col-xxl-3 col-xl-3 bt_bb_vertical_align_bottom bt_bb_align_left bt_bb_padding_text_indent bt_bb_highlight\" style=\"margin-bottom: 20px;\" data-width=\"3\" data-bt-override-class=\"{}\"><div class=\"bt_bb_column_content\" style=\"background-color:rgba(255, 255, 255, 1);\"><div class=\"bt_bb_image bt_bb_shape_square bt_bb_align_inherit bt_bb_hover_style_simple bt_bb_content_display_show-on-hover bt_bb_content_align_bottom bt_bb_content_exists\" data-bt-override-class=\"{&quot;bt_bb_align_&quot;:{&quot;current_class&quot;:&quot;bt_bb_align_inherit&quot;,&quot;xl&quot;:&quot;inherit&quot;}}\"><a href=\"http:\/\/www.cpvassocies.com\/index.php\/cercle-des-transporteurs-carrefour\/\"  target=\"_self\"  title=\"carrefour-france\"><img loading=\"lazy\" decoding=\"async\" width=\"1200\" height=\"600\" src=\"http:\/\/www.cpvassocies.com\/wp-content\/uploads\/2021\/09\/carrefour-france.jpg\" class=\"attachment-large size-large\" alt=\"http:\/\/www.cpvassocies.com\/wp-content\/uploads\/2021\/09\/carrefour-france.jpg\" data-full_image_src=\"http:\/\/www.cpvassocies.com\/wp-content\/uploads\/2021\/09\/carrefour-france.jpg\" title=\"carrefour-france\" srcset=\"http:\/\/www.cpvassocies.com\/wp-content\/uploads\/2021\/09\/carrefour-france.jpg 1200w, http:\/\/www.cpvassocies.com\/wp-content\/uploads\/2021\/09\/carrefour-france-640x320.jpg 640w, http:\/\/www.cpvassocies.com\/wp-content\/uploads\/2021\/09\/carrefour-france-768x384.jpg 768w, http:\/\/www.cpvassocies.com\/wp-content\/uploads\/2021\/09\/carrefour-france-320x160.jpg 320w\" sizes=\"(max-width: 1200px) 100vw, 1200px\" \/><\/a><div class=\"bt_bb_image_content\" style=\"background-color: rgba(32, 66, 138, 0.8);\"><div class=\"bt_bb_image_content_flex\"><div class=\"bt_bb_image_content_inner\"><div class=\"bt_bb_button bt_bb_icon_position_right bt_bb_color_scheme_11 bt_bb_style_clean bt_bb_size_small bt_bb_width_inline bt_bb_shape_inherit bt_bb_align_inherit\" data-bt-override-class=\"{}\"><a href=\"http:\/\/www.cpvassocies.com\/index.php\/cercle-des-transporteurs-carrefour\/\" target=\"_self\" class=\"bt_bb_link\" title=\"En savoir plus \"><span class=\"bt_bb_button_text\">En savoir plus <\/span><span  data-ico-fontawesome=\"&#xf101;\" class=\"bt_bb_icon_holder\"><\/span><\/a><\/div><\/div><\/div><\/div><\/div><div class=\"bt_bb_separator bt_bb_bottom_spacing_normal bt_bb_border_style_none\"><\/div><header class=\"bt_bb_headline bt_bb_dash_none bt_bb_size_small bt_bb_align_center\" data-bt-override-class=\"{&quot;bt_bb_size_&quot;:{&quot;current_class&quot;:&quot;bt_bb_size_small&quot;,&quot;xl&quot;:&quot;small&quot;},&quot;bt_bb_align_&quot;:{&quot;current_class&quot;:&quot;bt_bb_align_center&quot;,&quot;xl&quot;:&quot;center&quot;}}\"><h5 class=\"bt_bb_headline_tag\"><span class=\"bt_bb_headline_content\"><span><a href=\"http:\/\/www.cpvassocies.com\/index.php\/cercle-des-transporteurs-carrefour\/\" target=\"_self\" title=\"Cercle des Transporteurs Carrefour\"><u>Cercle des Transporteurs Carrefour<\/u><\/a><\/span><\/span><\/h5><\/header><div class=\"bt_bb_separator bt_bb_bottom_spacing_normal bt_bb_border_style_none\"><\/div><\/div><\/div><\/div><\/div><\/div><\/div><\/div><\/section><\/div>","protected":false},"excerpt":{"rendered":"","protected":false},"author":1,"featured_media":0,"parent":0,"menu_order":0,"comment_status":"closed","ping_status":"closed","template":"","meta":{"footnotes":""},"_links":{"self":[{"href":"http:\/\/www.cpvassocies.com\/index.php\/wp-json\/wp\/v2\/pages\/2697"}],"collection":[{"href":"http:\/\/www.cpvassocies.com\/index.php\/wp-json\/wp\/v2\/pages"}],"about":[{"href":"http:\/\/www.cpvassocies.com\/index.php\/wp-json\/wp\/v2\/types\/page"}],"author":[{"embeddable":true,"href":"http:\/\/www.cpvassocies.com\/index.php\/wp-json\/wp\/v2\/users\/1"}],"replies":[{"embeddable":true,"href":"http:\/\/www.cpvassocies.com\/index.php\/wp-json\/wp\/v2\/comments?post=2697"}],"version-history":[{"count":25,"href":"http:\/\/www.cpvassocies.com\/index.php\/wp-json\/wp\/v2\/pages\/2697\/revisions"}],"predecessor-version":[{"id":3214,"href":"http:\/\/www.cpvassocies.com\/index.php\/wp-json\/wp\/v2\/pages\/2697\/revisions\/3214"}],"wp:attachment":[{"href":"http:\/\/www.cpvassocies.com\/index.php\/wp-json\/wp\/v2\/media?parent=2697"}],"curies":[{"name":"wp","href":"https:\/\/api.w.org\/{rel}","templated":true}]}}