{"id":2702,"date":"2021-07-13T17:49:12","date_gmt":"2021-07-13T15:49:12","guid":{"rendered":"http:\/\/www.cpvassocies.com\/?page_id=2702"},"modified":"2021-11-22T18:12:40","modified_gmt":"2021-11-22T17:12:40","slug":"valhor","status":"publish","type":"page","link":"http:\/\/www.cpvassocies.com\/index.php\/valhor\/","title":{"rendered":"Val&#8217;hor"},"content":{"rendered":"<div class=\"bt_bb_wrapper\"><section id=\"bt_bb_section69e21b914552b\"  class=\"bt_bb_section bt_bb_layout_boxed_1200\" ><div class=\"bt_bb_port\"><div class=\"bt_bb_cell\"><div class=\"bt_bb_cell_inner\"><div class=\"bt_bb_row_wrapper\"><div  class=\"bt_bb_row\" ><div  class=\"bt_bb_column col-xxl-12 col-xl-12 bt_bb_vertical_align_top bt_bb_align_left bt_bb_padding_normal\"  data-width=\"12\" data-bt-override-class=\"{}\"><div class=\"bt_bb_column_content\"><div class=\"bt_bb_image bt_bb_shape_square bt_bb_align_center bt_bb_hover_style_simple bt_bb_content_display_always bt_bb_content_align_middle\" data-bt-override-class=\"{&quot;bt_bb_align_&quot;:{&quot;current_class&quot;:&quot;bt_bb_align_center&quot;,&quot;xl&quot;:&quot;center&quot;}}\"><a href=\"https:\/\/www.club-demeter.fr\/\"  target=\"_self\"  title=\"Logo_valhor_A5_2017_RVB\"><img loading=\"lazy\" decoding=\"async\" width=\"160\" height=\"160\" src=\"http:\/\/www.cpvassocies.com\/wp-content\/uploads\/2021\/11\/Logo_valhor_A5_2017_RVB-160x160.jpg\" class=\"attachment-thumbnail size-thumbnail\" alt=\"http:\/\/www.cpvassocies.com\/wp-content\/uploads\/2021\/11\/Logo_valhor_A5_2017_RVB-160x160.jpg\" data-full_image_src=\"http:\/\/www.cpvassocies.com\/wp-content\/uploads\/2021\/11\/Logo_valhor_A5_2017_RVB.jpg\" title=\"Logo_valhor_A5_2017_RVB\" srcset=\"http:\/\/www.cpvassocies.com\/wp-content\/uploads\/2021\/11\/Logo_valhor_A5_2017_RVB-160x160.jpg 160w, http:\/\/www.cpvassocies.com\/wp-content\/uploads\/2021\/11\/Logo_valhor_A5_2017_RVB-320x320.jpg 320w, http:\/\/www.cpvassocies.com\/wp-content\/uploads\/2021\/11\/Logo_valhor_A5_2017_RVB-640x640.jpg 640w\" sizes=\"(max-width: 160px) 100vw, 160px\" \/><\/a><\/div><\/div><\/div><\/div><\/div><\/div><\/div><\/div><\/section><section id=\"bt_bb_section69e21b9145c79\"  class=\"bt_bb_section bt_bb_layout_boxed_1200\" ><div class=\"bt_bb_port\"><div class=\"bt_bb_cell\"><div class=\"bt_bb_cell_inner\"><div class=\"bt_bb_row_wrapper\"><div  class=\"bt_bb_row\" ><div  class=\"bt_bb_column col-xxl-12 col-xl-12 bt_bb_vertical_align_top bt_bb_align_left bt_bb_padding_normal\"  data-width=\"12\" data-bt-override-class=\"{}\"><div class=\"bt_bb_column_content\"><div  class=\"bt_bb_text\" ><p>L\u2019Interprofession fran\u00e7aise de l\u2019horticulture, de la fleuristerie et du paysage est constitu\u00e9e des<a href=\"https:\/\/www.valhor.fr\/a-propos-de-valhor\/membres\/\">\u00a0organisations professionnelles repr\u00e9sentatives des secteurs de la production, de la distribution et du commerce horticole, ainsi que du paysage et du jardin.<\/a> Ces organisations professionnelles signent\u00a0<a href=\"https:\/\/www.valhor.fr\/a-propos-de-valhor\/cadre-reglementaire\/\">un accord interprofessionnel<\/a>\u00a0permettant de financer les actions collectives. (10\u00a0f\u00e9d\u00e9rations professionnelles membres, 52 000\u00a0entreprises repr\u00e9sent\u00e9es)<\/p>\n<p>CPV accompagne l\u2019interprofession VAL\u2019HOR depuis 2019 sur le volet logistique et f\u00e9d\u00e8re les participants autour de projets logistiques commun\u00a0:<\/p>\n<ul>\n<li>Animation du Groupe de Travail logistique,<\/li>\n<li>R\u00e9daction du manuel des bonnes pratiques logistiques,<\/li>\n<li>Etude et mise en \u0153uvre du tableau des non conformit\u00e9s \u00e0 r\u00e9ception,<\/li>\n<li>Etude &amp; Argumentaire sur la \u00ab\u00a0saine\u00a0\u00bb gestion des retours d\u2019emballages,<\/li>\n<li>Animation des groupes de travail autour des th\u00e8mes du r\u00e9f\u00e9rentiel commun standard pour l\u2019interprofession &amp; de la mutualisation du transport multi-apporteurs<\/li>\n<\/ul>\n<\/div><\/div><\/div><\/div><\/div><\/div><\/div><\/div><\/section><\/div>","protected":false},"excerpt":{"rendered":"","protected":false},"author":1,"featured_media":0,"parent":0,"menu_order":0,"comment_status":"closed","ping_status":"closed","template":"","meta":{"footnotes":""},"_links":{"self":[{"href":"http:\/\/www.cpvassocies.com\/index.php\/wp-json\/wp\/v2\/pages\/2702"}],"collection":[{"href":"http:\/\/www.cpvassocies.com\/index.php\/wp-json\/wp\/v2\/pages"}],"about":[{"href":"http:\/\/www.cpvassocies.com\/index.php\/wp-json\/wp\/v2\/types\/page"}],"author":[{"embeddable":true,"href":"http:\/\/www.cpvassocies.com\/index.php\/wp-json\/wp\/v2\/users\/1"}],"replies":[{"embeddable":true,"href":"http:\/\/www.cpvassocies.com\/index.php\/wp-json\/wp\/v2\/comments?post=2702"}],"version-history":[{"count":10,"href":"http:\/\/www.cpvassocies.com\/index.php\/wp-json\/wp\/v2\/pages\/2702\/revisions"}],"predecessor-version":[{"id":3306,"href":"http:\/\/www.cpvassocies.com\/index.php\/wp-json\/wp\/v2\/pages\/2702\/revisions\/3306"}],"wp:attachment":[{"href":"http:\/\/www.cpvassocies.com\/index.php\/wp-json\/wp\/v2\/media?parent=2702"}],"curies":[{"name":"wp","href":"https:\/\/api.w.org\/{rel}","templated":true}]}}