{"id":2706,"date":"2021-07-13T17:49:44","date_gmt":"2021-07-13T15:49:44","guid":{"rendered":"http:\/\/www.cpvassocies.com\/?page_id=2706"},"modified":"2022-04-01T19:37:57","modified_gmt":"2022-04-01T17:37:57","slug":"cercle-des-transporteurs-carrefour","status":"publish","type":"page","link":"http:\/\/www.cpvassocies.com\/index.php\/cercle-des-transporteurs-carrefour\/","title":{"rendered":"Cercle des transporteurs Carrefour"},"content":{"rendered":"<div class=\"bt_bb_wrapper\"><section id=\"bt_bb_section69e21b3602508\"  class=\"bt_bb_section bt_bb_top_spacing_normal bt_bb_layout_boxed_1200 bt_bb_vertical_align_top\" ><div class=\"bt_bb_port\"><div class=\"bt_bb_cell\"><div class=\"bt_bb_cell_inner\"><div class=\"bt_bb_row_wrapper\"><div  class=\"bt_bb_row\" ><div  class=\"bt_bb_column col-xxl-12 col-xl-12 bt_bb_vertical_align_top bt_bb_align_left bt_bb_padding_normal\"  data-width=\"12\" data-bt-override-class=\"{}\"><div class=\"bt_bb_column_content\"><header class=\"bt_bb_headline bt_bb_dash_none bt_bb_size_inherit bt_bb_align_inherit\" data-bt-override-class=\"{&quot;bt_bb_size_&quot;:{&quot;current_class&quot;:&quot;bt_bb_size_inherit&quot;,&quot;xl&quot;:&quot;inherit&quot;},&quot;bt_bb_align_&quot;:{&quot;current_class&quot;:&quot;bt_bb_align_inherit&quot;,&quot;xl&quot;:&quot;inherit&quot;}}\"><h1 class=\"bt_bb_headline_tag\"><span class=\"bt_bb_headline_content\"><span>CERCLE DES TRANSPORTEURS CARREFOUR<\/span><\/span><\/h1><\/header><\/div><\/div><\/div><\/div><div class=\"bt_bb_row_wrapper\"><div  class=\"bt_bb_row\" ><\/div><\/div><div class=\"bt_bb_row_wrapper\"><div  class=\"bt_bb_row\" ><div  class=\"bt_bb_column col-xxl-12 col-xl-12 bt_bb_vertical_align_top bt_bb_align_left bt_bb_padding_normal\"  data-width=\"12\" data-bt-override-class=\"{}\"><div class=\"bt_bb_column_content\"><div class=\"bt_bb_image bt_bb_shape_square bt_bb_align_inherit bt_bb_hover_style_simple bt_bb_content_display_always bt_bb_content_align_middle\" data-bt-override-class=\"{&quot;bt_bb_align_&quot;:{&quot;current_class&quot;:&quot;bt_bb_align_inherit&quot;,&quot;xl&quot;:&quot;inherit&quot;}}\"><span><img loading=\"lazy\" decoding=\"async\" width=\"640\" height=\"320\" src=\"http:\/\/www.cpvassocies.com\/wp-content\/uploads\/2021\/09\/carrefour-france-640x320.jpg\" class=\"attachment-medium size-medium\" alt=\"http:\/\/www.cpvassocies.com\/wp-content\/uploads\/2021\/09\/carrefour-france-640x320.jpg\" data-full_image_src=\"http:\/\/www.cpvassocies.com\/wp-content\/uploads\/2021\/09\/carrefour-france.jpg\" title=\"carrefour-france\" srcset=\"http:\/\/www.cpvassocies.com\/wp-content\/uploads\/2021\/09\/carrefour-france-640x320.jpg 640w, http:\/\/www.cpvassocies.com\/wp-content\/uploads\/2021\/09\/carrefour-france-768x384.jpg 768w, http:\/\/www.cpvassocies.com\/wp-content\/uploads\/2021\/09\/carrefour-france-320x160.jpg 320w, http:\/\/www.cpvassocies.com\/wp-content\/uploads\/2021\/09\/carrefour-france.jpg 1200w\" sizes=\"(max-width: 640px) 100vw, 640px\" \/><\/span><\/div><\/div><\/div><\/div><\/div><\/div><\/div><\/div><\/section><section id=\"bt_bb_section69e21b3602b62\"  class=\"bt_bb_section bt_bb_top_spacing_large bt_bb_layout_boxed_1200 bt_bb_vertical_align_top\" ><div class=\"bt_bb_port\"><div class=\"bt_bb_cell\"><div class=\"bt_bb_cell_inner\"><div class=\"bt_bb_row_wrapper\"><div  class=\"bt_bb_row\" ><div  class=\"bt_bb_column col-xxl-12 col-xl-12 bt_bb_vertical_align_top bt_bb_align_left bt_bb_padding_normal\"  data-width=\"12\" data-bt-override-class=\"{}\"><div class=\"bt_bb_column_content\"><div  class=\"bt_bb_text\" ><p><strong>Enjeux<\/strong> : Instaurer un dialogue constructif et engag\u00e9 avec les parties prenantes transporteurs de Carrefour pour faire face ensemble aux d\u00e9fis Supply Chain de demain<\/p>\n<p><strong>Solution\u00a0<\/strong>: En mobilisant une communaut\u00e9 d\u2019acteurs concern\u00e9s, nous animons l&#8217;\u00e9cosyst\u00e8me des transporteurs de Carrefour pour co-construire des plans d\u2019action communs bas\u00e9s sur des objectifs auto d\u00e9finis.<\/p>\n<p>Les sujets abord\u00e9s :<\/p>\n<ul>\n<li>Mix \u00e9nerg\u00e9tique dans le transport<\/li>\n<li>Conducteur (accueil, recrutement&#8230;)<\/li>\n<li>P\u00e9nibilit\u00e9<\/li>\n<li>Sujets RSE en lien avec le transport<\/li>\n<\/ul>\n<p><strong>D\u00e9livrables\u00a0<\/strong>: Feuille de route logistique, plan de progr\u00e8s, mise en place d&#8217;exp\u00e9rimentation terrains<\/p>\n<\/div><\/div><\/div><\/div><\/div><div class=\"bt_bb_row_wrapper\"><div  class=\"bt_bb_row\" ><\/div><\/div><\/div><\/div><\/div><\/section><\/div>","protected":false},"excerpt":{"rendered":"","protected":false},"author":1,"featured_media":0,"parent":0,"menu_order":0,"comment_status":"closed","ping_status":"closed","template":"","meta":{"footnotes":""},"_links":{"self":[{"href":"http:\/\/www.cpvassocies.com\/index.php\/wp-json\/wp\/v2\/pages\/2706"}],"collection":[{"href":"http:\/\/www.cpvassocies.com\/index.php\/wp-json\/wp\/v2\/pages"}],"about":[{"href":"http:\/\/www.cpvassocies.com\/index.php\/wp-json\/wp\/v2\/types\/page"}],"author":[{"embeddable":true,"href":"http:\/\/www.cpvassocies.com\/index.php\/wp-json\/wp\/v2\/users\/1"}],"replies":[{"embeddable":true,"href":"http:\/\/www.cpvassocies.com\/index.php\/wp-json\/wp\/v2\/comments?post=2706"}],"version-history":[{"count":16,"href":"http:\/\/www.cpvassocies.com\/index.php\/wp-json\/wp\/v2\/pages\/2706\/revisions"}],"predecessor-version":[{"id":3485,"href":"http:\/\/www.cpvassocies.com\/index.php\/wp-json\/wp\/v2\/pages\/2706\/revisions\/3485"}],"wp:attachment":[{"href":"http:\/\/www.cpvassocies.com\/index.php\/wp-json\/wp\/v2\/media?parent=2706"}],"curies":[{"name":"wp","href":"https:\/\/api.w.org\/{rel}","templated":true}]}}