{"id":2975,"date":"2021-09-08T16:15:19","date_gmt":"2021-09-08T14:15:19","guid":{"rendered":"http:\/\/www.cpvassocies.com\/?page_id=2975"},"modified":"2021-11-23T09:04:16","modified_gmt":"2021-11-23T08:04:16","slug":"2-4-1-enquetes-qualitatives-interviews-en-face-a-face-et-ou-telephoniques","status":"publish","type":"page","link":"http:\/\/www.cpvassocies.com\/index.php\/2-4-1-enquetes-qualitatives-interviews-en-face-a-face-et-ou-telephoniques\/","title":{"rendered":"Enqu\u00eates qualitatives \/ interviews en face \u00e0 face et\/ou t\u00e9l\u00e9phoniques"},"content":{"rendered":"<div class=\"bt_bb_wrapper\"><section id=\"bt_bb_section69f0db2e5af97\"  class=\"bt_bb_section bt_bb_top_spacing_medium bt_bb_layout_boxed_1000 bt_bb_vertical_align_top\" ><div class=\"bt_bb_port\"><div class=\"bt_bb_cell\"><div class=\"bt_bb_cell_inner\"><div class=\"bt_bb_row_wrapper\"><div  class=\"bt_bb_row\" ><div  class=\"bt_bb_column col-xxl-12 col-xl-12 bt_bb_vertical_align_top bt_bb_align_center bt_bb_padding_normal\"  data-width=\"12\" data-bt-override-class=\"{}\"><div class=\"bt_bb_column_content\"><header class=\"bt_bb_headline bt_bb_dash_none bt_bb_size_inherit bt_bb_superheadline bt_bb_align_left\" data-bt-override-class=\"{&quot;bt_bb_size_&quot;:{&quot;current_class&quot;:&quot;bt_bb_size_inherit&quot;,&quot;xl&quot;:&quot;inherit&quot;},&quot;bt_bb_align_&quot;:{&quot;current_class&quot;:&quot;bt_bb_align_left&quot;,&quot;xl&quot;:&quot;left&quot;}}\"><h1 class=\"bt_bb_headline_tag\"><span class=\"bt_bb_headline_superheadline\">ENQUETES ET BAROMETRES<\/span><span class=\"bt_bb_headline_content\"><span>ENQUETES QUALITATIVES \/ INTERVIEWS EN FACE A FACE ET \/ OU TELEPHONIQUES<\/span><\/span><\/h1><\/header><div class=\"bt_bb_separator bt_bb_bottom_spacing_medium bt_bb_border_style_none\"><\/div><\/div><\/div><\/div><\/div><\/div><\/div><\/div><\/section><section id=\"bt_bb_section69f0db2e5b13b\"  class=\"bt_bb_section bt_bb_top_spacing_medium bt_bb_layout_boxed_1000 bt_bb_vertical_align_top\" ><div class=\"bt_bb_port\"><div class=\"bt_bb_cell\"><div class=\"bt_bb_cell_inner\"><div class=\"bt_bb_row_wrapper\"><div  class=\"bt_bb_row\" ><div  class=\"bt_bb_column col-xxl-12 col-xl-12 bt_bb_vertical_align_top bt_bb_align_center bt_bb_padding_normal\"  data-width=\"12\" data-bt-override-class=\"{}\"><div class=\"bt_bb_column_content\"><header class=\"bt_bb_headline bt_bb_dash_none bt_bb_size_extralarge bt_bb_align_left\" data-bt-override-class=\"{&quot;bt_bb_size_&quot;:{&quot;current_class&quot;:&quot;bt_bb_size_extralarge&quot;,&quot;xl&quot;:&quot;extralarge&quot;},&quot;bt_bb_align_&quot;:{&quot;current_class&quot;:&quot;bt_bb_align_left&quot;,&quot;xl&quot;:&quot;left&quot;}}\"><\/header><header class=\"bt_bb_headline bt_bb_dash_top bt_bb_size_small bt_bb_subheadline bt_bb_align_left\" data-bt-override-class=\"{&quot;bt_bb_size_&quot;:{&quot;current_class&quot;:&quot;bt_bb_size_small&quot;,&quot;xl&quot;:&quot;small&quot;},&quot;bt_bb_align_&quot;:{&quot;current_class&quot;:&quot;bt_bb_align_left&quot;,&quot;xl&quot;:&quot;left&quot;}}\"><h5 class=\"bt_bb_headline_tag\"><span class=\"bt_bb_headline_content\"><span><u>Nos domaines de comp\u00e9tences et exp\u00e9riences <\/u><\/span><\/span><\/h5><div class=\"bt_bb_headline_subheadline\"><br \/>\r\n<ul><br \/>\r\n \t<li>Enqu\u00eates quantitative et qualitative aupr\u00e8s de prestataires de transport et de chargeurs sur l\u2019application de la loi sur l\u2019information CO2<\/li><br \/>\r\n \t<li>Etude sectorielle \/ entretiens qualitatifs sur les entrep\u00f4ts de la logistique dans le cadre du programme strat\u00e9gique de l\u2019inspection des installations class\u00e9es ICPE<\/li><br \/>\r\n \t<li>Etude, construction et pilotage d\u2019une enqu\u00eate de satisfaction pour recueillir de mani\u00e8re objective la qualit\u00e9 per\u00e7ue par les clients sur les prestations logistiques apport\u00e9es et pour dynamiser la relation commerciale<\/li><br \/>\r\n<\/ul><br \/>\r\n<\/div><\/header><div class=\"bt_bb_separator bt_bb_bottom_spacing_medium bt_bb_border_style_none\"><\/div><\/div><\/div><\/div><\/div><\/div><\/div><\/div><\/section><\/div>","protected":false},"excerpt":{"rendered":"","protected":false},"author":1,"featured_media":0,"parent":0,"menu_order":0,"comment_status":"closed","ping_status":"closed","template":"","meta":{"footnotes":""},"_links":{"self":[{"href":"http:\/\/www.cpvassocies.com\/index.php\/wp-json\/wp\/v2\/pages\/2975"}],"collection":[{"href":"http:\/\/www.cpvassocies.com\/index.php\/wp-json\/wp\/v2\/pages"}],"about":[{"href":"http:\/\/www.cpvassocies.com\/index.php\/wp-json\/wp\/v2\/types\/page"}],"author":[{"embeddable":true,"href":"http:\/\/www.cpvassocies.com\/index.php\/wp-json\/wp\/v2\/users\/1"}],"replies":[{"embeddable":true,"href":"http:\/\/www.cpvassocies.com\/index.php\/wp-json\/wp\/v2\/comments?post=2975"}],"version-history":[{"count":8,"href":"http:\/\/www.cpvassocies.com\/index.php\/wp-json\/wp\/v2\/pages\/2975\/revisions"}],"predecessor-version":[{"id":3337,"href":"http:\/\/www.cpvassocies.com\/index.php\/wp-json\/wp\/v2\/pages\/2975\/revisions\/3337"}],"wp:attachment":[{"href":"http:\/\/www.cpvassocies.com\/index.php\/wp-json\/wp\/v2\/media?parent=2975"}],"curies":[{"name":"wp","href":"https:\/\/api.w.org\/{rel}","templated":true}]}}