{"id":3634,"date":"2024-05-21T14:26:43","date_gmt":"2024-05-21T12:26:43","guid":{"rendered":"http:\/\/www.cpvassocies.com\/?page_id=3634"},"modified":"2024-05-22T12:59:50","modified_gmt":"2024-05-22T10:59:50","slug":"nous-contacter-2","status":"publish","type":"page","link":"http:\/\/www.cpvassocies.com\/index.php\/nous-contacter-2\/","title":{"rendered":"Nous contacter"},"content":{"rendered":"<div class=\"bt_bb_wrapper\"><section id=\"bt_bb_section69f0ddef54364\"  class=\"bt_bb_section bt_bb_layout_boxed_1100 bt_bb_vertical_align_top\" style=\";background-color:rgb(255,255,255);\"><div class=\"bt_bb_port\"><div class=\"bt_bb_cell\"><div class=\"bt_bb_cell_inner\"><div class=\"bt_bb_row_wrapper\"><div  class=\"bt_bb_row bt_bb_column_gap_0\" style=\"background-color:rgb(32,66,138);\"><div  class=\"bt_bb_column col-xxl-4 col-xl-4 col-xs-12 col-sm-12 col-md-12 col-lg-4 bt_bb_color_scheme_11 bt_bb_vertical_align_top bt_bb_align_left bt_bb_padding_text_indent\" style=\"; --column-primary-color:#ffffff; --column-secondary-color:#00007f;\" data-width=\"4\" data-bt-override-class=\"{&quot;bt_bb_align_&quot;:{&quot;current_class&quot;:&quot;bt_bb_align_left&quot;,&quot;xl&quot;:&quot;left&quot;},&quot;bt_bb_padding_&quot;:{&quot;current_class&quot;:&quot;bt_bb_padding_text_indent&quot;,&quot;xl&quot;:&quot;text_indent&quot;}}\"><div class=\"bt_bb_column_content\"><div class=\"bt_bb_separator bt_bb_top_spacing_small bt_bb_bottom_spacing_small bt_bb_border_style_none\"><\/div><header class=\"bt_bb_headline bt_bb_color_scheme_1 bt_bb_dash_none bt_bb_size_inherit bt_bb_subheadline bt_bb_align_inherit\" data-bt-override-class=\"{&quot;bt_bb_size_&quot;:{&quot;current_class&quot;:&quot;bt_bb_size_inherit&quot;,&quot;xl&quot;:&quot;inherit&quot;},&quot;bt_bb_align_&quot;:{&quot;current_class&quot;:&quot;bt_bb_align_inherit&quot;,&quot;xl&quot;:&quot;inherit&quot;}}\"><h3 class=\"bt_bb_headline_tag\"><span class=\"bt_bb_headline_content\"><span>Nos bureaux<\/span><\/span><\/h3><div class=\"bt_bb_headline_subheadline\">Nous vous remercions de l'int\u00e9r\u00eat que vous portez \u00e0 CPV Associ\u00e9s. Venez nous rencontrer !<\/div><\/header><div class=\"bt_bb_separator bt_bb_top_spacing_small bt_bb_bottom_spacing_small bt_bb_border_style_none\"><\/div><div class=\"bt_bb_service bt_bb_color_scheme_14 bt_bb_style_borderless bt_bb_shape_circle bt_bb_size_large bt_bb_align_inherit\" style=\"; --service-primary-color:#fff; --service-secondary-color:#000;\" data-bt-override-class=\"null\"><span  data-ico-jobresume=\"&#xe916;\" class=\"bt_bb_icon_holder\"><\/span><div class=\"bt_bb_service_content\"><div class=\"bt_bb_service_content_title\">Adresse<\/div><div class=\"bt_bb_service_content_text\">50 quai Louis Bl\u00e9riot, 75016 PARIS - FRANCE<\/div><\/div><\/div><div class=\"bt_bb_separator bt_bb_top_spacing_small bt_bb_bottom_spacing_small bt_bb_border_style_none\"><\/div><div class=\"bt_bb_service bt_bb_color_scheme_14 bt_bb_style_borderless bt_bb_shape_circle bt_bb_size_large bt_bb_align_inherit\" style=\"; --service-primary-color:#fff; --service-secondary-color:#000;\" data-bt-override-class=\"null\"><span  data-ico-businesspeople=\"&#xe919;\" class=\"bt_bb_icon_holder\"><\/span><div class=\"bt_bb_service_content\"><div class=\"bt_bb_service_content_title\">T\u00e9l\u00e9phone<\/div><div class=\"bt_bb_service_content_text\">01 42 53 42 05<\/div><\/div><\/div><div class=\"bt_bb_separator bt_bb_top_spacing_small bt_bb_bottom_spacing_small bt_bb_border_style_none\"><\/div><div class=\"bt_bb_service bt_bb_color_scheme_14 bt_bb_style_borderless bt_bb_shape_circle bt_bb_size_large bt_bb_align_inherit\" style=\"; --service-primary-color:#fff; --service-secondary-color:#000;\" data-bt-override-class=\"null\"><a href=\"mailto:info@cpvassocies.com\"  target=\"_self\"  title=\"Email\"  data-ico-businesspeople=\"&#xe910;\" class=\"bt_bb_icon_holder\"><\/a><div class=\"bt_bb_service_content\"><div class=\"bt_bb_service_content_title\"><a href=\"mailto:info@cpvassocies.com\" target=\"_self\">Email<\/a><\/div><div class=\"bt_bb_service_content_text\">info@cpvassocies.com<\/div><\/div><\/div><\/div><\/div><div  class=\"bt_bb_column col-xxl-8 col-xl-8 col-xs-12 col-sm-12 col-md-12 col-lg-8 bt_bb_vertical_align_top bt_bb_align_center bt_bb_padding_text_indent\" style=\"background-color:rgb(255,255,255);\" data-width=\"8\" data-bt-override-class=\"{&quot;bt_bb_align_&quot;:{&quot;current_class&quot;:&quot;bt_bb_align_center&quot;,&quot;xl&quot;:&quot;center&quot;},&quot;bt_bb_padding_&quot;:{&quot;current_class&quot;:&quot;bt_bb_padding_text_indent&quot;,&quot;xl&quot;:&quot;text_indent&quot;}}\"><div class=\"bt_bb_column_content\" style=\"background-color:rgb(255,255,255);\"><div class=\"bt_bb_image bt_bb_shape_square bt_bb_align_left bt_bb_hover_style_simple bt_bb_content_display_always bt_bb_content_align_middle bt_bb_fill_background_color_full\" data-bt-override-class=\"{&quot;bt_bb_align_&quot;:{&quot;current_class&quot;:&quot;bt_bb_align_left&quot;,&quot;xl&quot;:&quot;left&quot;}}\"><span><img loading=\"lazy\" decoding=\"async\" width=\"640\" height=\"480\" src=\"http:\/\/www.cpvassocies.com\/wp-content\/uploads\/2024\/05\/Design-sans-titre-1-2-640x480.jpg\" class=\"attachment-boldthemes_medium_rectangle size-boldthemes_medium_rectangle\" alt=\"http:\/\/www.cpvassocies.com\/wp-content\/uploads\/2024\/05\/Design-sans-titre-1-2-640x480.jpg\" data-full_image_src=\"http:\/\/www.cpvassocies.com\/wp-content\/uploads\/2024\/05\/Design-sans-titre-1-2.jpg\" title=\"Plan_CPV_50_Louis Bl\u00e9riot\" srcset=\"http:\/\/www.cpvassocies.com\/wp-content\/uploads\/2024\/05\/Design-sans-titre-1-2-640x480.jpg 640w, http:\/\/www.cpvassocies.com\/wp-content\/uploads\/2024\/05\/Design-sans-titre-1-2-320x240.jpg 320w\" sizes=\"(max-width: 640px) 100vw, 640px\" \/><\/span><\/div><\/div><\/div><\/div><\/div><\/div><\/div><\/div><\/section><section id=\"bt_bb_section69f0ddef54d00\"  class=\"bt_bb_section bt_bb_top_spacing_normal bt_bb_bottom_spacing_normal bt_bb_color_scheme_2 bt_bb_layout_boxed_1200 bt_bb_vertical_align_top\" ><div class=\"bt_bb_port\"><div class=\"bt_bb_cell\"><div class=\"bt_bb_cell_inner\"><div class=\"bt_bb_row_wrapper\"><div  class=\"bt_bb_row bt_bb_column_gap_normal\" ><div  class=\"bt_bb_column col-xxl-12 col-xl-12 col-xs-12 col-sm-12 col-md-12 col-lg-12 bt_bb_vertical_align_middle bt_bb_align_left bt_bb_padding_normal\"  data-width=\"12\" data-bt-override-class=\"{&quot;bt_bb_align_&quot;:{&quot;current_class&quot;:&quot;bt_bb_align_left&quot;,&quot;xl&quot;:&quot;left&quot;},&quot;bt_bb_padding_&quot;:{&quot;current_class&quot;:&quot;bt_bb_padding_normal&quot;,&quot;xl&quot;:&quot;normal&quot;}}\"><div class=\"bt_bb_column_content bt_bb_inner_color_scheme_11 bt_bb_inner_color_scheme_11\" style=\"; --column-inner-primary-color:#ffffff; --column-inner-secondary-color:#00007f;\"><div class=\"bt_bb_button bt_bb_icon_position_right bt_bb_color_scheme_11 bt_bb_style_filled bt_bb_size_normal bt_bb_width_inline bt_bb_shape_inherit bt_bb_align_center\" data-bt-override-class=\"{&quot;bt_bb_size_&quot;:{&quot;current_class&quot;:&quot;bt_bb_size_normal&quot;,&quot;xl&quot;:&quot;normal&quot;},&quot;bt_bb_align_&quot;:{&quot;current_class&quot;:&quot;bt_bb_align_center&quot;,&quot;xl&quot;:&quot;center&quot;}}\"><a href=\"http:\/\/www.cpvassocies.com\/wp-content\/uploads\/2024\/05\/Plan-acces-Loui-Bleriot-1-1.pdf\" target=\"_self\" class=\"bt_bb_link\" title=\"T\u00e9l\u00e9charger notre plan d&#039;acc\u00e8s\"><span class=\"bt_bb_button_text\">T\u00e9l\u00e9charger notre plan d'acc\u00e8s<\/span><span  data-ico-essential=\"&#xe9bb;\" class=\"bt_bb_icon_holder\"><\/span><\/a><\/div><\/div><\/div><\/div><\/div><\/div><\/div><\/div><\/section><\/div>","protected":false},"excerpt":{"rendered":"","protected":false},"author":1,"featured_media":0,"parent":0,"menu_order":0,"comment_status":"closed","ping_status":"closed","template":"","meta":{"footnotes":""},"_links":{"self":[{"href":"http:\/\/www.cpvassocies.com\/index.php\/wp-json\/wp\/v2\/pages\/3634"}],"collection":[{"href":"http:\/\/www.cpvassocies.com\/index.php\/wp-json\/wp\/v2\/pages"}],"about":[{"href":"http:\/\/www.cpvassocies.com\/index.php\/wp-json\/wp\/v2\/types\/page"}],"author":[{"embeddable":true,"href":"http:\/\/www.cpvassocies.com\/index.php\/wp-json\/wp\/v2\/users\/1"}],"replies":[{"embeddable":true,"href":"http:\/\/www.cpvassocies.com\/index.php\/wp-json\/wp\/v2\/comments?post=3634"}],"version-history":[{"count":55,"href":"http:\/\/www.cpvassocies.com\/index.php\/wp-json\/wp\/v2\/pages\/3634\/revisions"}],"predecessor-version":[{"id":3704,"href":"http:\/\/www.cpvassocies.com\/index.php\/wp-json\/wp\/v2\/pages\/3634\/revisions\/3704"}],"wp:attachment":[{"href":"http:\/\/www.cpvassocies.com\/index.php\/wp-json\/wp\/v2\/media?parent=3634"}],"curies":[{"name":"wp","href":"https:\/\/api.w.org\/{rel}","templated":true}]}}